{"id":2431,"date":"2025-07-28T11:04:56","date_gmt":"2025-07-28T09:04:56","guid":{"rendered":"https:\/\/tecnisem.com\/declaracion-accesibilidad\/"},"modified":"2025-08-13T08:23:23","modified_gmt":"2025-08-13T06:23:23","slug":"declaracion-accesibilidad","status":"publish","type":"page","link":"https:\/\/tecnisem.com\/ca\/declaracion-accesibilidad\/","title":{"rendered":"Declaraci\u00f3n accesibilidad"},"content":{"rendered":"<div class=\"wpb-content-wrapper\">[vc_row][vc_column][vc_column_text css=&#8221;&#8221;]\r\n<p style=\"text-align: justify;\">La presente declaraci\u00f3n de accesibilidad se aplica al sitio web https:\/\/tecnisem.com\/<\/p>\r\n\r\n<h5 style=\"text-align: justify;\">SITUACI\u00d3N DE CUMPLIMIENTO<\/h5>\r\n<p style=\"text-align: justify;\">Este sitio web es parcialmente conforme con el\u00a0RD 1112\/2018\u00a0debido a las excepciones y a la falta de conformidad de los aspectos que se indican en el siguiente punto.<\/p>\r\n\r\n<h5 style=\"text-align: justify;\">CONTENIDO NO ACCESIBLE<\/h5>\r\n<p style=\"text-align: justify;\">El contenido que se recoge a continuaci\u00f3n no es accesible por lo siguiente:<\/p>\r\n<p style=\"text-align: justify;\">Falta de conformidad con el RD 1112\/2018<\/p>\r\n<p style=\"text-align: justify;\">Podr\u00edan existir algunos aspectos de contraste que no cumplan los m\u00ednimos exigidos, 3:1, con respecto a los colores adyacentes del fondo de la secci\u00f3n de la web en cuesti\u00f3n. [9.1.4.11 Contraste no textual]<\/p>\r\n<p style=\"text-align: justify;\">Podr\u00edan existir algunas etiquetas o instrucciones no etiquetadas correctamente [9.3.3.2 Etiquetas o instrucciones]<\/p>\r\n<p style=\"text-align: justify;\">Podr\u00edan existir mensajes de estado que no cumplan con los m\u00ednimos exigidos [9.4.1.3 Mensajes de estado]<\/p>\r\n<p style=\"text-align: justify;\">Podr\u00edan existir sugerencias ante errores que no cumplan con los m\u00ednimos exigidos [9.3.3.3 Sugerencias ante errores (condicional)]<\/p>\r\n<p style=\"text-align: justify;\">Podr\u00edan existir fallos puntuales de edici\u00f3n en alguna p\u00e1gina web<\/p>\r\n<p style=\"text-align: justify;\">Carga desproporcionada<\/p>\r\n<p style=\"text-align: justify;\">No aplica.<\/p>\r\n\r\n<h5 style=\"text-align: justify;\">PREPARACI\u00d3N DE LA SIGUIENTE DECLARACI\u00d3N DE ACCESIBILIDAD<\/h5>\r\n<p style=\"text-align: justify;\">La presente declaraci\u00f3n fue preparada el 16 de marzo de 2023.<\/p>\r\n<p style=\"text-align: justify;\">El m\u00e9todo empleado para preparar la declaraci\u00f3n ha sido una autoevaluaci\u00f3n llevada a cabo por la propia empresa.<\/p>\r\n\r\n<h5 style=\"text-align: justify;\">OBSERVACIONES Y DATOS DE CONTACTO<\/h5>\r\n<p style=\"text-align: justify;\">Puede realizar comunicaciones sobre requisitos de accesibilidad (art\u00edculo 10.2.a del RD 1112\/2018) como, por ejemplo:<\/p>\r\n<p style=\"text-align: justify;\">Informar sobre cualquier posible incumplimiento por parte de este sitio web\r\nTransmitir otras dificultades de acceso al contenido\r\nFormular cualquier otra consulta o sugerencia de mejora relativa a la accesibilidad del sitio web<\/p>\r\n<p style=\"text-align: justify;\">A trav\u00e9s del email de contacto <a href=\"mailto:GESTORIA@TECNISEM.COM\">GESTORIA@TECNISEM.COM\u00a0<\/a><\/p>\r\n<p style=\"text-align: justify;\">Puede presentar:<\/p>\r\n<p style=\"text-align: justify;\">Queja\u00a0relativa al cumplimiento de los requisitos del RD 1112\/2018 o\r\nSolicitud de Informaci\u00f3n accesible\u00a0relativa a:<\/p>\r\n<p style=\"text-align: justify;\">Contenidos\u00a0que est\u00e1n\u00a0excluidos\u00a0del\u00a0\u00e1mbito de aplicaci\u00f3n\u00a0del RD 1112\/2018 seg\u00fan lo establecido por el art\u00edculo 3, apartado 4<\/p>\r\n<p style=\"text-align: justify;\">Contenidos\u00a0que est\u00e1n\u00a0exentos\u00a0del\u00a0cumplimiento\u00a0de los requisitos de accesibilidad por imponer una\u00a0carga desproporcionada.<\/p>\r\n<p style=\"text-align: justify;\">En la Solicitud de informaci\u00f3n accesible, se debe concretar, con toda claridad, los hechos, razones y petici\u00f3n que permitan constatar que se trata de una solicitud razonable y leg\u00edtima.<\/p>\r\n<p style=\"text-align: justify;\">Las quejas y reclamaciones sobre informaci\u00f3n accesible\u00a0se realizar\u00e1n a trav\u00e9s del email anterior.<\/p>\r\n\r\n<h5 style=\"text-align: justify;\">PROCEDIMIENTO DE APLICACI\u00d3N<\/h5>\r\n<p style=\"text-align: justify;\">Si una vez realizada una solicitud de informaci\u00f3n accesible o queja, \u00e9sta hubiera sido desestimada, no se estuviera de acuerdo con la decisi\u00f3n adoptada, o la respuesta no cumpliera los requisitos contemplados en el art\u00edculo 12.5, la persona interesada podr\u00e1 iniciar una reclamaci\u00f3n. Igualmente se podr\u00e1 iniciar una reclamaci\u00f3n en el caso de que haya transcurrido el plazo de veinte d\u00edas h\u00e1biles sin haber obtenido respuesta.<\/p>\r\n\r\n\r\n&nbsp;\r\n\r\n[\/vc_column_text][\/vc_column][\/vc_row]<!-- \/wp:post-content --><\/div>","protected":false},"excerpt":{"rendered":"<p>[vc_row][vc_column][vc_column_text css=&#8221;&#8221;] La presente declaraci\u00f3n de accesibilidad se aplica al sitio web https:\/\/tecnisem.com\/ SITUACI\u00d3N DE CUMPLIMIENTO Este sitio web es parcialmente conforme con el\u00a0RD 1112\/2018\u00a0debido a las excepciones y a la falta de conformidad de los aspectos que se indican en el siguiente punto. CONTENIDO NO ACCESIBLE El contenido que se recoge a continuaci\u00f3n no &hellip; <a href=\"https:\/\/tecnisem.com\/ca\/declaracion-accesibilidad\/\" class=\"more-link\">Continue reading <span class=\"screen-reader-text\">Declaraci\u00f3n accesibilidad<\/span><\/a><\/p>\n","protected":false},"author":1,"featured_media":0,"parent":0,"menu_order":0,"comment_status":"closed","ping_status":"closed","template":"","meta":{"footnotes":""},"class_list":["post-2431","page","type-page","status-publish","hentry"],"aioseo_notices":[],"_links":{"self":[{"href":"https:\/\/tecnisem.com\/ca\/wp-json\/wp\/v2\/pages\/2431","targetHints":{"allow":["GET"]}}],"collection":[{"href":"https:\/\/tecnisem.com\/ca\/wp-json\/wp\/v2\/pages"}],"about":[{"href":"https:\/\/tecnisem.com\/ca\/wp-json\/wp\/v2\/types\/page"}],"author":[{"embeddable":true,"href":"https:\/\/tecnisem.com\/ca\/wp-json\/wp\/v2\/users\/1"}],"replies":[{"embeddable":true,"href":"https:\/\/tecnisem.com\/ca\/wp-json\/wp\/v2\/comments?post=2431"}],"version-history":[{"count":1,"href":"https:\/\/tecnisem.com\/ca\/wp-json\/wp\/v2\/pages\/2431\/revisions"}],"predecessor-version":[{"id":2432,"href":"https:\/\/tecnisem.com\/ca\/wp-json\/wp\/v2\/pages\/2431\/revisions\/2432"}],"wp:attachment":[{"href":"https:\/\/tecnisem.com\/ca\/wp-json\/wp\/v2\/media?parent=2431"}],"curies":[{"name":"wp","href":"https:\/\/api.w.org\/{rel}","templated":true}]}}