{"id":2398,"date":"2025-08-05T10:37:58","date_gmt":"2025-08-05T08:37:58","guid":{"rendered":"https:\/\/tecnisem.com\/administracion-fincas\/"},"modified":"2025-08-11T13:31:45","modified_gmt":"2025-08-11T11:31:45","slug":"administracio-finques","status":"publish","type":"page","link":"https:\/\/tecnisem.com\/ca\/administracio-finques\/","title":{"rendered":"Adm. finques"},"content":{"rendered":"<div class=\"wpb-content-wrapper\"><p>[vc_row tm_bgimage_position=&#8221;right_bottom&#8221; tm_bgimagefixed=&#8221;&#8221; break_in_responsive=&#8221;991&#8243; full_width=&#8221;stretch_row&#8221; css=&#8221;.vc_custom_1573472174727{padding-top: 99px !important;padding-bottom: 54px !important;background-image: url(http:\/\/lawgrid.themetechmount.net\/lawgrid-data\/wp-content\/uploads\/sites\/2\/2019\/11\/row-pattern-five.png?id=2001) !important;background-position: 0 0 !important;background-repeat: no-repeat !important;}&#8221; tm_responsive_css=&#8221;23271408|colbreak_no|||||||||colbreak_no|||||50px||15px||colbreak_no||||||||||colbreak_no|||||||||&#8221;][vc_column width=&#8221;1\/2&#8243; el_class=&#8221;.tm-rotate-style-2 tm-heading-rotate&#8221;][vc_single_image image=&#8221;2272&#8243; img_size=&#8221;full&#8221; css=&#8221;&#8221;][\/vc_column][vc_column reduce_extra_padding=&#8221;991&#8243; width=&#8221;1\/2&#8243; css=&#8221;.vc_custom_1573374182660{padding-top: 30px !important;padding-left: 30px !important;}&#8221; tm_responsive_css=&#8221;29561978|colbreak_no|||||||||colbreak_no|||||0px||20px||colbreak_no||||||||||colbreak_no|||||||||&#8221;]<div class=\"tm-element-heading-wrapper tm-heading-inner tm-element-align-left tm-seperator-none tm-heading-style-vertical \"><section class=\"tm-vc_cta3-container\"><div class=\"tm-vc_general tm-vc_cta3 tm-cta3-only tm-vc_cta3-style-classic tm-vc_cta3-shape-rounded tm-vc_cta3-align-left tm-vc_cta3-color-transparent tm-vc_cta3-icon-size-md tm-vc_cta3-actions-no tm-cta3-with-desc\"><div class=\"tm-vc_cta3_content-container\"><div class=\"tm-vc_cta3-content\"><header class=\"tm-vc_cta3-content-header tm-wrap\"><div class=\"tm-vc_cta3-headers tm-wrap-cell\"><h4 class=\"tm-custom-heading \" >Administraci\u00f3 de finques<\/h4>\n<h2 class=\"tm-custom-heading \" >Atenci\u00f3 personalitzada per al dia a dia de la seva comunitat<\/h2>\n<\/div><div class=\"heading-seperator\"><span><\/span><\/div><\/header><div class=\"tm-cta3-content-wrapper\">\n<p style=\"text-align: justify;\">El nostre equip de professionals especialitzats en <strong>Administraci\u00f3 de finques<\/strong> treballa des de fa m\u00e9s de 30 anys, cada dia per a resoldre el dia a dia de la comunitat, oferint un servei professional, pr\u00f2xim i transparent, orientat a <strong>optimitzar els recursos de cada comunitat<\/strong>, proporcionant als ve\u00efns la tranquil\u00b7litat que tant mereixen. <strong>Entre els serveis que oferim tenim:<\/strong><\/p>\n<p><\/div><\/div><\/div><\/div><\/section><\/div> <!-- .tm-element-heading-wrapper container --> [vc_row_inner css=&#8221;.vc_custom_1569820510809{margin-top: -27px !important;}&#8221; el_class=&#8221;tm-column-inline&#8221;][vc_column_inner css=&#8221;.vc_custom_1564566382282{padding-right: 0px !important;}&#8221;]<ul class=\"tm-list tm-list-style-icon tm-list-icon-color-skincolor tm- tm-icon-skincolor tm-list-textsize- tm-list-icon-library-fontawesome\"><li><i class=\"tm-skincolor fa fa-arrow-circle-right\"><\/i>  <span class=\"tm-list-li-content\">Constituci\u00f3 i legalitzaci\u00f3 de comunitats de propietaris<\/span><\/li><li><i class=\"tm-skincolor fa fa-arrow-circle-right\"><\/i>  <span class=\"tm-list-li-content\">Contractaci\u00f3 i gesti\u00f3 de serveis essencials per al manteniment i bon funcionament de l'edifici<\/span><\/li><li><i class=\"tm-skincolor fa fa-arrow-circle-right\"><\/i>  <span class=\"tm-list-li-content\">Tramitaci\u00f3 integral de sinistres amb companyies asseguradores<\/span><\/li><li><i class=\"tm-skincolor fa fa-arrow-circle-right\"><\/i>  <span class=\"tm-list-li-content\">Gesti\u00f3 eficient de cobraments i pagaments de la comunitat<\/span><\/li><li><i class=\"tm-skincolor fa fa-arrow-circle-right\"><\/i>  <span class=\"tm-list-li-content\">Elaboraci\u00f3 i presentaci\u00f3 de l'estat comptable anual<\/span><\/li><li><i class=\"tm-skincolor fa fa-arrow-circle-right\"><\/i>  <span class=\"tm-list-li-content\">Reclamaci\u00f3 i seguiment d'impagaments<\/span><\/li><li><i class=\"tm-skincolor fa fa-arrow-circle-right\"><\/i>  <span class=\"tm-list-li-content\">Convocat\u00f2ria i assist\u00e8ncia a juntes ordin\u00e0ries i extraordin\u00e0ries<\/span><\/li><li><i class=\"tm-skincolor fa fa-arrow-circle-right\"><\/i>  <span class=\"tm-list-li-content\">Redacci\u00f3 i enviament d'actes i documentaci\u00f3 associada<\/span><\/li><li><i class=\"tm-skincolor fa fa-arrow-circle-right\"><\/i>  <span class=\"tm-list-li-content\">Atenci\u00f3 personalitzada i permanent a ve\u00efns i propietaris<\/span><\/li><li><i class=\"tm-skincolor fa fa-arrow-circle-right\"><\/i>  <span class=\"tm-list-li-content\">Coordinaci\u00f3 d'obres de rehabilitaci\u00f3 i manteniment de l'edifici<\/span><\/li><li><i class=\"tm-skincolor fa fa-arrow-circle-right\"><\/i>  <span class=\"tm-list-li-content\">Actualitzaci\u00f3 d'instal\u00b7lacions el\u00e8ctriques de baixa tensi\u00f3 segons normativa vigent i gesti\u00f3 de butlletins<\/span><\/li><\/ul>[\/vc_column_inner][\/vc_row_inner][\/vc_column][\/vc_row][vc_row tm_bgcolor=&#8221;grey&#8221; tm_bgimagefixed=&#8221;&#8221; full_width=&#8221;stretch_row&#8221; css=&#8221;.vc_custom_1754903090692{padding-bottom: 85px !important;background-image: url(https:\/\/tecnisem.com\/wp-content\/uploads\/revslider\/stackcenter-classic-banner-1\/slidemainbg-04.jpg?id=2103) !important;background-position: center !important;background-repeat: no-repeat !important;background-size: cover !important;}&#8221; tm_responsive_css=&#8221;80953955|colbreak_no|||||||||colbreak_no|||||40px||60px||colbreak_no||||||||||colbreak_no|||||||||&#8221;][vc_column]<div class=\"tm-element-heading-wrapper tm-heading-inner tm-element-align-center tm-seperator-none tm-heading-style-vertical \"><section class=\"tm-vc_cta3-container\"><div class=\"tm-vc_general tm-vc_cta3 tm-cta3-only tm-vc_cta3-style-classic tm-vc_cta3-shape-rounded tm-vc_cta3-align-center tm-vc_cta3-color-transparent tm-vc_cta3-icon-size-md tm-vc_cta3-actions-no tm-cta3-without-desc\"><div class=\"tm-vc_cta3_content-container\"><div class=\"tm-vc_cta3-content\"><header class=\"tm-vc_cta3-content-header tm-wrap\"><div class=\"tm-vc_cta3-headers tm-wrap-cell\"><h4 class=\"tm-custom-heading \" >Qu\u00e8 podem fer per tu?<\/h4>\n<h2 class=\"tm-custom-heading \" >Descobreix tots els nostres <strong>serveis<\/strong><\/h2>\n<\/div><div class=\"heading-seperator\"><span><\/span><\/div><\/header><\/div><\/div><\/div><\/section><\/div> <!-- .tm-element-heading-wrapper container --> [vc_row_inner][vc_column_inner width=&#8221;1\/3&#8243;]<div class=\"tm-sbox tm-sbox-iconalign-top-center none tm-sbox-bgcolor-transparent tm-bgcolor-transparent tm-sbox-textcolor- tm-textcolor- tm-sbox-isize-md tm-sbox-isize-md tm-sbox-istyle-none  tm-sbox-heading-only\"><section class=\"tm-vc_cta3-container\"><div class=\"tm-vc_general tm-vc_cta3 tm-vc_cta3-align-left tm-vc_cta3-icon-size-md tm-vc_cta3-icons-top tm-vc_cta3-actions-bottom\"><div class=\"tm-vc_cta3-icons tm-wrap-cell\"><div class=\"tm-vc_icon_element tm-vc_icon_element-outer tm-vc_icon_element-align-left \"><div class=\"tm-vc_icon_element-inner  tm-vc_icon_element-color-skincolor tm-vc_icon_element-size-md tm-vc_icon_element-style-none tm-vc_icon_element-background-color-grey\" ><span class=\"tm-vc_icon_element-icon kw_lawgrid flaticon-legal\" ><\/span><\/div><\/div><\/div><div class=\"tm-vc_cta3_content-container\"><div class=\"tm-vc_cta3-content\"><div class=\"tm-vc_cta3-content-header tm-wrap\"><div class=\"tm-vc_cta3-headers tm-wrap-cell\"><h2 style=\"color:#243577;\" class=\"tm-custom-heading \" >Assessoria empreses<\/h2>\n<\/div><\/div><\/div><div class=\"tm-cta3-desc-btn-wrapper\"><div class=\"tm-cta3-description\"><div class=\"tm-cta3-content-wrapper\">\n<p style=\"text-align: center;\"><span style=\"color: #000000;\">Servei integral d&#8217;assessoria fiscal, comptable i laboral, perqu\u00e8 puguis dedicar-te plenament al teu negoci amb total tranquil\u00b7litat<\/span><\/p>\n<p><\/div><\/div>\n\t\t<div class=\"tm-vc_btn3-container tm-vc_btn3-inline\"><a class=\"tm-vc_general tm-vc_btn3 tm-vc_btn3-size-md tm-vc_btn3-shape-round tm-vc_btn3-style-text tm-vc_btn3-weight-no tm-vc_btn3-color-skincolor\" href=\"https:\/\/tecnisem.com\/asesoria-de-empresas\/\" title=\"Asesor\u00eda de empresas\">Saber m\u00e1s<\/a><\/div><\/div><\/div><\/div><\/section><\/div>[\/vc_column_inner][vc_column_inner width=&#8221;1\/3&#8243;]<div class=\"tm-sbox tm-sbox-iconalign-top-center none tm-sbox-bgcolor-transparent tm-bgcolor-transparent tm-sbox-textcolor- tm-textcolor- tm-sbox-isize-md tm-sbox-isize-md tm-sbox-istyle-none  tm-sbox-heading-only\"><section class=\"tm-vc_cta3-container\"><div class=\"tm-vc_general tm-vc_cta3 tm-vc_cta3-align-left tm-vc_cta3-icon-size-md tm-vc_cta3-icons-top tm-vc_cta3-actions-bottom\"><div class=\"tm-vc_cta3-icons tm-wrap-cell\"><div class=\"tm-vc_icon_element tm-vc_icon_element-outer tm-vc_icon_element-align-left \"><div class=\"tm-vc_icon_element-inner  tm-vc_icon_element-color-skincolor tm-vc_icon_element-size-md tm-vc_icon_element-style-none tm-vc_icon_element-background-color-grey\" ><span class=\"tm-vc_icon_element-icon kw_lawgrid flaticon-lawyer-13\" ><\/span><\/div><\/div><\/div><div class=\"tm-vc_cta3_content-container\"><div class=\"tm-vc_cta3-content\"><div class=\"tm-vc_cta3-content-header tm-wrap\"><div class=\"tm-vc_cta3-headers tm-wrap-cell\"><h2 style=\"color:#243577;\" class=\"tm-custom-heading \" >Correduria assegurances<\/h2>\n<\/div><\/div><\/div><div class=\"tm-cta3-desc-btn-wrapper\"><div class=\"tm-cta3-description\"><div class=\"tm-cta3-content-wrapper\">\n<p style=\"text-align: center;\"><span style=\"color: #000000;\">Oferim solucions asseguradores personalitzades, amb les millors cobertures del mercat i el suport de companyies de primer nivell<\/span><\/p>\n<p><\/div><\/div>\n\t\t<div class=\"tm-vc_btn3-container tm-vc_btn3-inline\"><a class=\"tm-vc_general tm-vc_btn3 tm-vc_btn3-size-md tm-vc_btn3-shape-round tm-vc_btn3-style-text tm-vc_btn3-weight-no tm-vc_btn3-color-skincolor\" href=\"https:\/\/tecnisem.com\/asesoria-de-empresas\/\" title=\"Asesor\u00eda de empresas\">Saber m\u00e1s<\/a><\/div><\/div><\/div><\/div><\/section><\/div>[\/vc_column_inner][vc_column_inner width=&#8221;1\/3&#8243;]<div class=\"tm-sbox tm-sbox-iconalign-top-center none tm-sbox-bgcolor-transparent tm-bgcolor-transparent tm-sbox-textcolor- tm-textcolor- tm-sbox-isize-md tm-sbox-isize-md tm-sbox-istyle-none  tm-sbox-heading-only\"><section class=\"tm-vc_cta3-container\"><div class=\"tm-vc_general tm-vc_cta3 tm-vc_cta3-align-left tm-vc_cta3-icon-size-md tm-vc_cta3-icons-top tm-vc_cta3-actions-bottom\"><div class=\"tm-vc_cta3-icons tm-wrap-cell\"><div class=\"tm-vc_icon_element tm-vc_icon_element-outer tm-vc_icon_element-align-left \"><div class=\"tm-vc_icon_element-inner  tm-vc_icon_element-color-skincolor tm-vc_icon_element-size-md tm-vc_icon_element-style-none tm-vc_icon_element-background-color-grey\" ><span class=\"tm-vc_icon_element-icon kw_lawgrid flaticon-family\" ><\/span><\/div><\/div><\/div><div class=\"tm-vc_cta3_content-container\"><div class=\"tm-vc_cta3-content\"><div class=\"tm-vc_cta3-content-header tm-wrap\"><div class=\"tm-vc_cta3-headers tm-wrap-cell\"><h2 style=\"color:#243577;\" class=\"tm-custom-heading \" >Assessoria jur\u00eddica<\/h2>\n<\/div><\/div><\/div><div class=\"tm-cta3-desc-btn-wrapper\"><div class=\"tm-cta3-description\"><div class=\"tm-cta3-content-wrapper\">\n<p style=\"text-align: center;\"><span style=\"color: #000000;\">Oferim assessorament integral i especialitzat per a empreses i particulars, amb un enfocament pr\u00e0ctic i eficient que protegeix els teus drets<\/span><\/p>\n<p><\/div><\/div>\n\t\t<div class=\"tm-vc_btn3-container tm-vc_btn3-inline\"><a class=\"tm-vc_general tm-vc_btn3 tm-vc_btn3-size-md tm-vc_btn3-shape-round tm-vc_btn3-style-text tm-vc_btn3-weight-no tm-vc_btn3-color-skincolor\" href=\"https:\/\/tecnisem.com\/asesoria-de-empresas\/\" title=\"Asesor\u00eda de empresas\">Saber m\u00e1s<\/a><\/div><\/div><\/div><\/div><\/section><\/div>[\/vc_column_inner][\/vc_row_inner][\/vc_column][\/vc_row]<\/p>\n<\/div>","protected":false},"excerpt":{"rendered":"<p>[vc_row tm_bgimage_position=&#8221;right_bottom&#8221; tm_bgimagefixed=&#8221;&#8221; break_in_responsive=&#8221;991&#8243; full_width=&#8221;stretch_row&#8221; css=&#8221;.vc_custom_1573472174727{padding-top: 99px !important;padding-bottom: 54px !important;background-image: url(http:\/\/lawgrid.themetechmount.net\/lawgrid-data\/wp-content\/uploads\/sites\/2\/2019\/11\/row-pattern-five.png?id=2001) !important;background-position: 0 0 !important;background-repeat: no-repeat !important;}&#8221; tm_responsive_css=&#8221;23271408|colbreak_no|||||||||colbreak_no|||||50px||15px||colbreak_no||||||||||colbreak_no|||||||||&#8221;][vc_column width=&#8221;1\/2&#8243; el_class=&#8221;.tm-rotate-style-2 tm-heading-rotate&#8221;][vc_single_image image=&#8221;2272&#8243; img_size=&#8221;full&#8221; css=&#8221;&#8221;][\/vc_column][vc_column reduce_extra_padding=&#8221;991&#8243; width=&#8221;1\/2&#8243; css=&#8221;.vc_custom_1573374182660{padding-top: 30px !important;padding-left: 30px !important;}&#8221; tm_responsive_css=&#8221;29561978|colbreak_no|||||||||colbreak_no|||||0px||20px||colbreak_no||||||||||colbreak_no|||||||||&#8221;][vc_row_inner css=&#8221;.vc_custom_1569820510809{margin-top: -27px !important;}&#8221; el_class=&#8221;tm-column-inline&#8221;][vc_column_inner css=&#8221;.vc_custom_1564566382282{padding-right: 0px !important;}&#8221;][\/vc_column_inner][\/vc_row_inner][\/vc_column][\/vc_row][vc_row tm_bgcolor=&#8221;grey&#8221; tm_bgimagefixed=&#8221;&#8221; full_width=&#8221;stretch_row&#8221; css=&#8221;.vc_custom_1754903090692{padding-bottom: 85px !important;background-image: url(https:\/\/tecnisem.com\/wp-content\/uploads\/revslider\/stackcenter-classic-banner-1\/slidemainbg-04.jpg?id=2103) !important;background-position: center !important;background-repeat: no-repeat !important;background-size: cover !important;}&#8221; tm_responsive_css=&#8221;80953955|colbreak_no|||||||||colbreak_no|||||40px||60px||colbreak_no||||||||||colbreak_no|||||||||&#8221;][vc_column][vc_row_inner][vc_column_inner width=&#8221;1\/3&#8243;][\/vc_column_inner][vc_column_inner &hellip; <a href=\"https:\/\/tecnisem.com\/ca\/administracio-finques\/\" class=\"more-link\">Continue reading <span class=\"screen-reader-text\">Adm. finques<\/span><\/a><\/p>\n","protected":false},"author":1,"featured_media":0,"parent":0,"menu_order":4,"comment_status":"closed","ping_status":"closed","template":"","meta":{"footnotes":""},"class_list":["post-2398","page","type-page","status-publish","hentry"],"aioseo_notices":[],"_links":{"self":[{"href":"https:\/\/tecnisem.com\/ca\/wp-json\/wp\/v2\/pages\/2398","targetHints":{"allow":["GET"]}}],"collection":[{"href":"https:\/\/tecnisem.com\/ca\/wp-json\/wp\/v2\/pages"}],"about":[{"href":"https:\/\/tecnisem.com\/ca\/wp-json\/wp\/v2\/types\/page"}],"author":[{"embeddable":true,"href":"https:\/\/tecnisem.com\/ca\/wp-json\/wp\/v2\/users\/1"}],"replies":[{"embeddable":true,"href":"https:\/\/tecnisem.com\/ca\/wp-json\/wp\/v2\/comments?post=2398"}],"version-history":[{"count":6,"href":"https:\/\/tecnisem.com\/ca\/wp-json\/wp\/v2\/pages\/2398\/revisions"}],"predecessor-version":[{"id":2419,"href":"https:\/\/tecnisem.com\/ca\/wp-json\/wp\/v2\/pages\/2398\/revisions\/2419"}],"wp:attachment":[{"href":"https:\/\/tecnisem.com\/ca\/wp-json\/wp\/v2\/media?parent=2398"}],"curies":[{"name":"wp","href":"https:\/\/api.w.org\/{rel}","templated":true}]}}