{"id":2396,"date":"2025-08-05T10:37:17","date_gmt":"2025-08-05T08:37:17","guid":{"rendered":"https:\/\/tecnisem.com\/asesoria-juridica\/"},"modified":"2025-08-11T13:25:01","modified_gmt":"2025-08-11T11:25:01","slug":"assessoria-juridica","status":"publish","type":"page","link":"https:\/\/tecnisem.com\/ca\/assessoria-juridica\/","title":{"rendered":"Assessoria jur\u00eddica"},"content":{"rendered":"<div class=\"wpb-content-wrapper\"><p>[vc_row tm_bgimage_position=&#8221;right_bottom&#8221; tm_bgimagefixed=&#8221;&#8221; break_in_responsive=&#8221;991&#8243; full_width=&#8221;stretch_row&#8221; css=&#8221;.vc_custom_1573472174727{padding-top: 99px !important;padding-bottom: 54px !important;background-image: url(http:\/\/lawgrid.themetechmount.net\/lawgrid-data\/wp-content\/uploads\/sites\/2\/2019\/11\/row-pattern-five.png?id=2001) !important;background-position: 0 0 !important;background-repeat: no-repeat !important;}&#8221; tm_responsive_css=&#8221;23271408|colbreak_no|||||||||colbreak_no|||||50px||15px||colbreak_no||||||||||colbreak_no|||||||||&#8221;][vc_column width=&#8221;1\/2&#8243; css=&#8221;.vc_custom_1754901288207{padding-top: 40px !important;}&#8221;]<div class=\"tm-element-heading-wrapper tm-heading-inner tm-element-align-left tm-seperator-none tm-heading-style-vertical \"><section class=\"tm-vc_cta3-container\"><div class=\"tm-vc_general tm-vc_cta3 tm-cta3-only tm-vc_cta3-style-classic tm-vc_cta3-shape-rounded tm-vc_cta3-align-left tm-vc_cta3-color-transparent tm-vc_cta3-icon-size-md tm-vc_cta3-actions-no tm-cta3-with-desc\"><div class=\"tm-vc_cta3_content-container\"><div class=\"tm-vc_cta3-content\"><header class=\"tm-vc_cta3-content-header tm-wrap\"><div class=\"tm-vc_cta3-headers tm-wrap-cell\"><h4 class=\"tm-custom-heading \" >Assessoria jur\u00eddica<\/h4>\n<h2 class=\"tm-custom-heading \" >Seguretat legal per a la gesti\u00f3 efectiva del seu negoci<\/h2>\n<\/div><div class=\"heading-seperator\"><span><\/span><\/div><\/header><div class=\"tm-cta3-content-wrapper\">\n<p style=\"text-align: justify;\">El nostre departament jur\u00eddic ofereix <strong>assessorament integral i especialitzat<\/strong> per a empreses i particulars, amb un enfocament pr\u00e0ctic i eficient que protegeix el teu drets i optimitza la presa de decisions. Comptem amb professionals experts en diverses branques del dret per a oferir solucions personalitzades a cada situaci\u00f3 legal.\u00a0<strong>Serveis que oferim:<\/strong><\/p>\n<p><\/div><\/div><\/div><\/div><\/section><\/div> <!-- .tm-element-heading-wrapper container --> <ul class=\"tm-list tm-list-style-icon tm-list-icon-color-skincolor tm- tm-icon-skincolor tm-list-textsize- tm-list-icon-library-fontawesome\"><li><i class=\"tm-skincolor fa fa-arrow-circle-right\"><\/i>  <span class=\"tm-list-li-content\">Dret civil i de fam\u00edlia<\/span><\/li><li><i class=\"tm-skincolor fa fa-arrow-circle-right\"><\/i>  <span class=\"tm-list-li-content\">Reclamacions per accidents de tr\u00e0nsit<\/span><\/li><li><i class=\"tm-skincolor fa fa-arrow-circle-right\"><\/i>  <span class=\"tm-list-li-content\">Dret laboral i defensa davant conflictes laborals<\/span><\/li><li><i class=\"tm-skincolor fa fa-arrow-circle-right\"><\/i>  <span class=\"tm-list-li-content\">Dret penal empresarial<\/span><\/li><li><i class=\"tm-skincolor fa fa-arrow-circle-right\"><\/i>  <span class=\"tm-list-li-content\">Dret immobiliari: compravendes, arrendaments i gesti\u00f3 de propietats<\/span><\/li><li><i class=\"tm-skincolor fa fa-arrow-circle-right\"><\/i>  <span class=\"tm-list-li-content\">Dret hipotecari i financer<\/span><\/li><li><i class=\"tm-skincolor fa fa-arrow-circle-right\"><\/i>  <span class=\"tm-list-li-content\">Assessorament fiscal i tributari<\/span><\/li><li><i class=\"tm-skincolor fa fa-arrow-circle-right\"><\/i>  <span class=\"tm-list-li-content\">Dret mercantil i societari: constituci\u00f3, gesti\u00f3 i dissoluci\u00f3 de societats<\/span><\/li><li><i class=\"tm-skincolor fa fa-arrow-circle-right\"><\/i>  <span class=\"tm-list-li-content\">Dret concursal i processos d'insolv\u00e8ncia<\/span><\/li><li><i class=\"tm-skincolor fa fa-arrow-circle-right\"><\/i>  <span class=\"tm-list-li-content\">Dret administratiu i recursos davant l'administraci\u00f3 p\u00fablica<\/span><\/li><\/ul>[\/vc_column][vc_column reduce_extra_padding=&#8221;991&#8243; width=&#8221;1\/2&#8243; css=&#8221;.vc_custom_1573374182660{padding-top: 30px !important;padding-left: 30px !important;}&#8221; tm_responsive_css=&#8221;29561978|colbreak_no|||||||||colbreak_no|||||0px||20px||colbreak_no||||||||||colbreak_no|||||||||&#8221;][vc_single_image image=&#8221;2269&#8243; img_size=&#8221;full&#8221; css=&#8221;&#8221;][\/vc_column][\/vc_row][vc_row tm_bgcolor=&#8221;grey&#8221; tm_bgimagefixed=&#8221;&#8221; full_width=&#8221;stretch_row&#8221; css=&#8221;.vc_custom_1754900913956{padding-bottom: 85px !important;background-image: url(https:\/\/tecnisem.com\/wp-content\/uploads\/revslider\/stackcenter-classic-banner-1\/slidemainbg-04.jpg?id=2103) !important;background-position: center !important;background-repeat: no-repeat !important;background-size: cover !important;}&#8221; tm_responsive_css=&#8221;80953955|colbreak_no|||||||||colbreak_no|||||40px||60px||colbreak_no||||||||||colbreak_no|||||||||&#8221;][vc_column]<div class=\"tm-element-heading-wrapper tm-heading-inner tm-element-align-center tm-seperator-none tm-heading-style-vertical \"><section class=\"tm-vc_cta3-container\"><div class=\"tm-vc_general tm-vc_cta3 tm-cta3-only tm-vc_cta3-style-classic tm-vc_cta3-shape-rounded tm-vc_cta3-align-center tm-vc_cta3-color-transparent tm-vc_cta3-icon-size-md tm-vc_cta3-actions-no tm-cta3-without-desc\"><div class=\"tm-vc_cta3_content-container\"><div class=\"tm-vc_cta3-content\"><header class=\"tm-vc_cta3-content-header tm-wrap\"><div class=\"tm-vc_cta3-headers tm-wrap-cell\"><h4 class=\"tm-custom-heading \" >Qu\u00e8 podem fer per tu?<\/h4>\n<h2 class=\"tm-custom-heading \" >Descobreix tots els nostres <strong>serveis<\/strong><\/h2>\n<\/div><div class=\"heading-seperator\"><span><\/span><\/div><\/header><\/div><\/div><\/div><\/section><\/div> <!-- .tm-element-heading-wrapper container --> [vc_row_inner][vc_column_inner width=&#8221;1\/3&#8243;]<div class=\"tm-sbox tm-sbox-iconalign-top-center none tm-sbox-bgcolor-transparent tm-bgcolor-transparent tm-sbox-textcolor- tm-textcolor- tm-sbox-isize-md tm-sbox-isize-md tm-sbox-istyle-none  tm-sbox-heading-only\"><section class=\"tm-vc_cta3-container\"><div class=\"tm-vc_general tm-vc_cta3 tm-vc_cta3-align-left tm-vc_cta3-icon-size-md tm-vc_cta3-icons-top tm-vc_cta3-actions-bottom\"><div class=\"tm-vc_cta3-icons tm-wrap-cell\"><div class=\"tm-vc_icon_element tm-vc_icon_element-outer tm-vc_icon_element-align-left \"><div class=\"tm-vc_icon_element-inner  tm-vc_icon_element-color-skincolor tm-vc_icon_element-size-md tm-vc_icon_element-style-none tm-vc_icon_element-background-color-grey\" ><span class=\"tm-vc_icon_element-icon kw_lawgrid flaticon-legal\" ><\/span><\/div><\/div><\/div><div class=\"tm-vc_cta3_content-container\"><div class=\"tm-vc_cta3-content\"><div class=\"tm-vc_cta3-content-header tm-wrap\"><div class=\"tm-vc_cta3-headers tm-wrap-cell\"><h2 style=\"color:#243577;\" class=\"tm-custom-heading \" >Assessoria empreses<\/h2>\n<\/div><\/div><\/div><div class=\"tm-cta3-desc-btn-wrapper\"><div class=\"tm-cta3-description\"><div class=\"tm-cta3-content-wrapper\">\n<p style=\"text-align: center;\"><span style=\"color: #000000;\">Servei integral d&#8217;assessoria fiscal, comptable i laboral, perqu\u00e8 puguis dedicar-te plenament al teu negoci amb la tranquil\u00b7litat d&#8217;estar ben assessorat<\/span><\/p>\n<p><\/div><\/div>\n\t\t<div class=\"tm-vc_btn3-container tm-vc_btn3-inline\"><a class=\"tm-vc_general tm-vc_btn3 tm-vc_btn3-size-md tm-vc_btn3-shape-round tm-vc_btn3-style-text tm-vc_btn3-weight-no tm-vc_btn3-color-skincolor\" href=\"https:\/\/tecnisem.com\/asesoria-de-empresas\/\" title=\"Asesor\u00eda de empresas\">Saber m\u00e1s<\/a><\/div><\/div><\/div><\/div><\/section><\/div>[\/vc_column_inner][vc_column_inner width=&#8221;1\/3&#8243;]<div class=\"tm-sbox tm-sbox-iconalign-top-center none tm-sbox-bgcolor-transparent tm-bgcolor-transparent tm-sbox-textcolor- tm-textcolor- tm-sbox-isize-md tm-sbox-isize-md tm-sbox-istyle-none  tm-sbox-heading-only\"><section class=\"tm-vc_cta3-container\"><div class=\"tm-vc_general tm-vc_cta3 tm-vc_cta3-align-left tm-vc_cta3-icon-size-md tm-vc_cta3-icons-top tm-vc_cta3-actions-bottom\"><div class=\"tm-vc_cta3-icons tm-wrap-cell\"><div class=\"tm-vc_icon_element tm-vc_icon_element-outer tm-vc_icon_element-align-left \"><div class=\"tm-vc_icon_element-inner  tm-vc_icon_element-color-skincolor tm-vc_icon_element-size-md tm-vc_icon_element-style-none tm-vc_icon_element-background-color-grey\" ><span class=\"tm-vc_icon_element-icon kw_lawgrid flaticon-house\" ><\/span><\/div><\/div><\/div><div class=\"tm-vc_cta3_content-container\"><div class=\"tm-vc_cta3-content\"><div class=\"tm-vc_cta3-content-header tm-wrap\"><div class=\"tm-vc_cta3-headers tm-wrap-cell\"><h2 style=\"color:#243577;\" class=\"tm-custom-heading \" >Administraci\u00f3 finques<\/h2>\n<\/div><\/div><\/div><div class=\"tm-cta3-desc-btn-wrapper\"><div class=\"tm-cta3-description\"><div class=\"tm-cta3-content-wrapper\">\n<p style=\"text-align: center;\"><span style=\"color: #000000;\">El nostre equip de professionals treballa per a resoldre el dia a dia de la comunitat per a proporcionar als ve\u00efns la tranquil\u00b7litat que tant mereixen<\/span><\/p>\n<p><\/div><\/div>\n\t\t<div class=\"tm-vc_btn3-container tm-vc_btn3-inline\"><a class=\"tm-vc_general tm-vc_btn3 tm-vc_btn3-size-md tm-vc_btn3-shape-round tm-vc_btn3-style-text tm-vc_btn3-weight-no tm-vc_btn3-color-skincolor\" href=\"https:\/\/tecnisem.com\/asesoria-de-empresas\/\" title=\"Asesor\u00eda de empresas\">Saber m\u00e1s<\/a><\/div><\/div><\/div><\/div><\/section><\/div>[\/vc_column_inner][vc_column_inner width=&#8221;1\/3&#8243;]<div class=\"tm-sbox tm-sbox-iconalign-top-center none tm-sbox-bgcolor-transparent tm-bgcolor-transparent tm-sbox-textcolor- tm-textcolor- tm-sbox-isize-md tm-sbox-isize-md tm-sbox-istyle-none  tm-sbox-heading-only\"><section class=\"tm-vc_cta3-container\"><div class=\"tm-vc_general tm-vc_cta3 tm-vc_cta3-align-left tm-vc_cta3-icon-size-md tm-vc_cta3-icons-top tm-vc_cta3-actions-bottom\"><div class=\"tm-vc_cta3-icons tm-wrap-cell\"><div class=\"tm-vc_icon_element tm-vc_icon_element-outer tm-vc_icon_element-align-left \"><div class=\"tm-vc_icon_element-inner  tm-vc_icon_element-color-skincolor tm-vc_icon_element-size-md tm-vc_icon_element-style-none tm-vc_icon_element-background-color-grey\" ><span class=\"tm-vc_icon_element-icon kw_lawgrid flaticon-lawyer-13\" ><\/span><\/div><\/div><\/div><div class=\"tm-vc_cta3_content-container\"><div class=\"tm-vc_cta3-content\"><div class=\"tm-vc_cta3-content-header tm-wrap\"><div class=\"tm-vc_cta3-headers tm-wrap-cell\"><h2 style=\"color:#243577;\" class=\"tm-custom-heading \" >Correduria assegurances<\/h2>\n<\/div><\/div><\/div><div class=\"tm-cta3-desc-btn-wrapper\"><div class=\"tm-cta3-description\"><div class=\"tm-cta3-content-wrapper\">\n<p style=\"text-align: center;\"><span style=\"color: #000000;\">Oferim solucions asseguradores personalitzades, amb les millors cobertures del mercat i el suport de companyies de primer nivell perqu\u00e8 estiguis tranquil<\/span><\/p>\n<p><\/div><\/div>\n\t\t<div class=\"tm-vc_btn3-container tm-vc_btn3-inline\"><a class=\"tm-vc_general tm-vc_btn3 tm-vc_btn3-size-md tm-vc_btn3-shape-round tm-vc_btn3-style-text tm-vc_btn3-weight-no tm-vc_btn3-color-skincolor\" href=\"https:\/\/tecnisem.com\/asesoria-de-empresas\/\" title=\"Asesor\u00eda de empresas\">Saber m\u00e1s<\/a><\/div><\/div><\/div><\/div><\/section><\/div>[\/vc_column_inner][\/vc_row_inner][\/vc_column][\/vc_row]<\/p>\n<\/div>","protected":false},"excerpt":{"rendered":"<p>[vc_row tm_bgimage_position=&#8221;right_bottom&#8221; tm_bgimagefixed=&#8221;&#8221; break_in_responsive=&#8221;991&#8243; full_width=&#8221;stretch_row&#8221; css=&#8221;.vc_custom_1573472174727{padding-top: 99px !important;padding-bottom: 54px !important;background-image: url(http:\/\/lawgrid.themetechmount.net\/lawgrid-data\/wp-content\/uploads\/sites\/2\/2019\/11\/row-pattern-five.png?id=2001) !important;background-position: 0 0 !important;background-repeat: no-repeat !important;}&#8221; tm_responsive_css=&#8221;23271408|colbreak_no|||||||||colbreak_no|||||50px||15px||colbreak_no||||||||||colbreak_no|||||||||&#8221;][vc_column width=&#8221;1\/2&#8243; css=&#8221;.vc_custom_1754901288207{padding-top: 40px !important;}&#8221;][\/vc_column][vc_column reduce_extra_padding=&#8221;991&#8243; width=&#8221;1\/2&#8243; css=&#8221;.vc_custom_1573374182660{padding-top: 30px !important;padding-left: 30px !important;}&#8221; tm_responsive_css=&#8221;29561978|colbreak_no|||||||||colbreak_no|||||0px||20px||colbreak_no||||||||||colbreak_no|||||||||&#8221;][vc_single_image image=&#8221;2269&#8243; img_size=&#8221;full&#8221; css=&#8221;&#8221;][\/vc_column][\/vc_row][vc_row tm_bgcolor=&#8221;grey&#8221; tm_bgimagefixed=&#8221;&#8221; full_width=&#8221;stretch_row&#8221; css=&#8221;.vc_custom_1754900913956{padding-bottom: 85px !important;background-image: url(https:\/\/tecnisem.com\/wp-content\/uploads\/revslider\/stackcenter-classic-banner-1\/slidemainbg-04.jpg?id=2103) !important;background-position: center !important;background-repeat: no-repeat !important;background-size: cover !important;}&#8221; tm_responsive_css=&#8221;80953955|colbreak_no|||||||||colbreak_no|||||40px||60px||colbreak_no||||||||||colbreak_no|||||||||&#8221;][vc_column][vc_row_inner][vc_column_inner width=&#8221;1\/3&#8243;][\/vc_column_inner][vc_column_inner width=&#8221;1\/3&#8243;][\/vc_column_inner][vc_column_inner width=&#8221;1\/3&#8243;][\/vc_column_inner][\/vc_row_inner][\/vc_column][\/vc_row]<\/p>\n","protected":false},"author":1,"featured_media":0,"parent":0,"menu_order":4,"comment_status":"closed","ping_status":"closed","template":"","meta":{"footnotes":""},"class_list":["post-2396","page","type-page","status-publish","hentry"],"aioseo_notices":[],"_links":{"self":[{"href":"https:\/\/tecnisem.com\/ca\/wp-json\/wp\/v2\/pages\/2396","targetHints":{"allow":["GET"]}}],"collection":[{"href":"https:\/\/tecnisem.com\/ca\/wp-json\/wp\/v2\/pages"}],"about":[{"href":"https:\/\/tecnisem.com\/ca\/wp-json\/wp\/v2\/types\/page"}],"author":[{"embeddable":true,"href":"https:\/\/tecnisem.com\/ca\/wp-json\/wp\/v2\/users\/1"}],"replies":[{"embeddable":true,"href":"https:\/\/tecnisem.com\/ca\/wp-json\/wp\/v2\/comments?post=2396"}],"version-history":[{"count":4,"href":"https:\/\/tecnisem.com\/ca\/wp-json\/wp\/v2\/pages\/2396\/revisions"}],"predecessor-version":[{"id":2415,"href":"https:\/\/tecnisem.com\/ca\/wp-json\/wp\/v2\/pages\/2396\/revisions\/2415"}],"wp:attachment":[{"href":"https:\/\/tecnisem.com\/ca\/wp-json\/wp\/v2\/media?parent=2396"}],"curies":[{"name":"wp","href":"https:\/\/api.w.org\/{rel}","templated":true}]}}