{"id":2394,"date":"2025-08-05T10:36:52","date_gmt":"2025-08-05T08:36:52","guid":{"rendered":"https:\/\/tecnisem.com\/asesoria-empresas\/"},"modified":"2025-08-11T13:43:29","modified_gmt":"2025-08-11T11:43:29","slug":"assessoria-empreses","status":"publish","type":"page","link":"https:\/\/tecnisem.com\/ca\/assessoria-empreses\/","title":{"rendered":"Assessoria empreses"},"content":{"rendered":"<div class=\"wpb-content-wrapper\"><p>[vc_row tm_bgimage_position=&#8221;right_bottom&#8221; tm_bgimagefixed=&#8221;&#8221; break_in_responsive=&#8221;991&#8243; full_width=&#8221;stretch_row&#8221; css=&#8221;.vc_custom_1573472174727{padding-top: 99px !important;padding-bottom: 54px !important;background-image: url(http:\/\/lawgrid.themetechmount.net\/lawgrid-data\/wp-content\/uploads\/sites\/2\/2019\/11\/row-pattern-five.png?id=2001) !important;background-position: 0 0 !important;background-repeat: no-repeat !important;}&#8221; tm_responsive_css=&#8221;23271408|colbreak_no|||||||||colbreak_no|||||50px||15px||colbreak_no||||||||||colbreak_no|||||||||&#8221;][vc_column width=&#8221;1\/2&#8243; el_class=&#8221;.tm-rotate-style-2 tm-heading-rotate&#8221;][vc_single_image image=&#8221;2258&#8243; img_size=&#8221;full&#8221; css=&#8221;&#8221;][\/vc_column][vc_column reduce_extra_padding=&#8221;991&#8243; width=&#8221;1\/2&#8243; css=&#8221;.vc_custom_1573374182660{padding-top: 30px !important;padding-left: 30px !important;}&#8221; tm_responsive_css=&#8221;29561978|colbreak_no|||||||||colbreak_no|||||0px||20px||colbreak_no||||||||||colbreak_no|||||||||&#8221;]<div class=\"tm-element-heading-wrapper tm-heading-inner tm-element-align-left tm-seperator-none tm-heading-style-vertical \"><section class=\"tm-vc_cta3-container\"><div class=\"tm-vc_general tm-vc_cta3 tm-cta3-only tm-vc_cta3-style-classic tm-vc_cta3-shape-rounded tm-vc_cta3-align-left tm-vc_cta3-color-transparent tm-vc_cta3-icon-size-md tm-vc_cta3-actions-no tm-cta3-with-desc\"><div class=\"tm-vc_cta3_content-container\"><div class=\"tm-vc_cta3-content\"><header class=\"tm-vc_cta3-content-header tm-wrap\"><div class=\"tm-vc_cta3-headers tm-wrap-cell\"><h4 class=\"tm-custom-heading \" >Assessoria d'empreses<\/h4>\n<h2 class=\"tm-custom-heading \" >Solucions Integrals per al Creixement Empresarial<\/h2>\n<\/div><div class=\"heading-seperator\"><span><\/span><\/div><\/header><div class=\"tm-cta3-content-wrapper\">\n<p style=\"text-align: justify;\">A Tecnisem, <strong>acompanyem a aut\u00f2noms i pimes amb un servei integral d&#8217;assessoria fiscal, comptable i labora<\/strong>l, perqu\u00e8 puguis dedicar-te plenament al teu negoci amb la tranquil\u00b7litat d&#8217;estar ben assessorat.<\/p>\n<p style=\"text-align: justify;\">Comptem amb un equip de professionals que t&#8217;ofereix solucions personalitzades i eficaces per a complir amb totes les teves obligacions legals, des de <strong>la gesti\u00f3 de n\u00f2mines fins a la comptabilitat general i la declaraci\u00f3 d&#8217;impostos<\/strong>.<\/p>\n<p>El nostre servei es complementa amb \u00e0rees clau com:<\/p>\n<p><\/div><\/div><\/div><\/div><\/section><\/div> <!-- .tm-element-heading-wrapper container --> [vc_row_inner css=&#8221;.vc_custom_1569820510809{margin-top: -27px !important;}&#8221; el_class=&#8221;tm-column-inline&#8221;][vc_column_inner css=&#8221;.vc_custom_1564566382282{padding-right: 0px !important;}&#8221;]<ul class=\"tm-list tm-list-style-icon tm-list-icon-color-skincolor tm- tm-icon-skincolor tm-list-textsize- tm-list-icon-library-fontawesome\"><li><i class=\"tm-skincolor fa fa-arrow-circle-right\"><\/i>  <span class=\"tm-list-li-content\">Gestor\u00eda administrativa: tramitaci\u00f3n ante administraciones, certificados, registros, veh\u00edculos, extranjer\u00eda, etc.<\/span><\/li><li><i class=\"tm-skincolor fa fa-arrow-circle-right\"><\/i>  <span class=\"tm-list-li-content\">Corredur\u00eda de seguros: asesoramiento en seguros para particulares, aut\u00f3nomos y empresas<\/span><\/li><li><i class=\"tm-skincolor fa fa-arrow-circle-right\"><\/i>  <span class=\"tm-list-li-content\">Planificaci\u00f3n estrat\u00e9gica y cumplimiento normativo<\/span><\/li><li><i class=\"tm-skincolor fa fa-arrow-circle-right\"><\/i>  <span class=\"tm-list-li-content\">Learn from customer feedback<\/span><\/li><li><i class=\"tm-skincolor fa fa-arrow-circle-right\"><\/i>  <span class=\"tm-list-li-content\">Trato cercano, \u00e1gil y 100\u202f% confidencial<\/span><\/li><\/ul>[\/vc_column_inner][\/vc_row_inner][\/vc_column][\/vc_row][vc_row tm_bgcolor=&#8221;grey&#8221; tm_bgimage_position=&#8221;left_top&#8221; tm_bgimagefixed=&#8221;&#8221; break_in_responsive=&#8221;991&#8243; full_width=&#8221;stretch_row&#8221; css=&#8221;.vc_custom_1754898856314{padding-top: 80px !important;padding-bottom: 40px !important;background-image: url(http:\/\/lawgrid.themetechmount.net\/lawgrid-data\/wp-content\/uploads\/sites\/2\/2019\/09\/row-pattern-six1.png?id=1266) !important;background-position: 0 0 !important;background-repeat: no-repeat !important;}&#8221; tm_responsive_css=&#8221;45125244|colbreak_no|||||||||colbreak_no|||||40px||||colbreak_no||||||||||colbreak_no|||||||||&#8221;][vc_column width=&#8221;1\/2&#8243; css=&#8221;.vc_custom_1569563766085{padding-top: 68px !important;}&#8221; tm_responsive_css=&#8221;73498654|colbreak_no|||||||||colbreak_no|||||0px||||colbreak_no||||||||||colbreak_no|||||||||&#8221;]<div class=\"tm-element-heading-wrapper tm-heading-inner tm-element-align-left tm-seperator-none tm-heading-style-vertical \"><section class=\"tm-vc_cta3-container\"><div class=\"tm-vc_general tm-vc_cta3 tm-cta3-only tm-vc_cta3-style-classic tm-vc_cta3-shape-rounded tm-vc_cta3-align-left tm-vc_cta3-color-transparent tm-vc_cta3-icon-size-md tm-vc_cta3-actions-no tm-cta3-with-desc\"><div class=\"tm-vc_cta3_content-container\"><div class=\"tm-vc_cta3-content\"><header class=\"tm-vc_cta3-content-header tm-wrap\"><div class=\"tm-vc_cta3-headers tm-wrap-cell\"><h4 class=\"tm-custom-heading \" >Gesti\u00f3 efica\u00e7 per a la teva empresa<\/h4>\n<h2 class=\"tm-custom-heading \" >Assessoria fiscal i comptable<\/h2>\n<\/div><div class=\"heading-seperator\"><span><\/span><\/div><\/header><div class=\"tm-cta3-content-wrapper\">\n<p style=\"text-align: justify;\">En\u00a0Tecnisem\u00a0t&#8217;oferim un servei complet <strong>d&#8217;assessoria comptable i tribut\u00e0ria<\/strong> perqu\u00e8 compleixis amb totes les teves obligacions fiscals amb seguretat, rigor i efici\u00e8ncia.<\/p>\n<p style=\"text-align: justify;\">El nostre equip <strong>d&#8217;economistes i assessors fiscals<\/strong> t&#8217;acompanya en la presa de decisions, amb informaci\u00f3 comptable clara i actualitzada, adaptada a la grand\u00e0ria i estructura de la teva empresa.<\/p>\n<p style=\"text-align: justify;\"><strong>Serveis comptables i fiscals que oferim:<\/strong><\/p>\n<p><\/div><\/div><\/div><\/div><\/section><\/div> <!-- .tm-element-heading-wrapper container --> <ul class=\"tm-list tm-list-style-icon tm-list-icon-color-skincolor tm- tm-icon-skincolor tm-list-textsize- tm-list-icon-library-fontawesome\"><li><i class=\"tm-skincolor fa fa-arrow-circle-right\"><\/i>  <span class=\"tm-list-li-content\">Comptabilitzaci\u00f3 de factures i moviments bancaris<\/span><\/li><li><i class=\"tm-skincolor fa fa-arrow-circle-right\"><\/i>  <span class=\"tm-list-li-content\">Tancaments comptables mensuals i anuals<\/span><\/li><li><i class=\"tm-skincolor fa fa-arrow-circle-right\"><\/i>  <span class=\"tm-list-li-content\">Presentaci\u00f3 d'impostos trimestrals i anuals: Model 111, 115, 130, 131, 303, 309, 349, 390, 190, 180, 347<\/span><\/li><li><i class=\"tm-skincolor fa fa-arrow-circle-right\"><\/i>  <span class=\"tm-list-li-content\">Presentaci\u00f3 de l'Impost de societats (models 202 i 200)<\/span><\/li><li><i class=\"tm-skincolor fa fa-arrow-circle-right\"><\/i>  <span class=\"tm-list-li-content\">Dip\u00f2sit de comptes anuals<\/span><\/li><li><i class=\"tm-skincolor fa fa-arrow-circle-right\"><\/i>  <span class=\"tm-list-li-content\">Sol\u00b7licitud d'ajornaments, certificats, atenci\u00f3 de requeriments i inspeccions d'Hisenda<\/span><\/li><li><i class=\"tm-skincolor fa fa-arrow-circle-right\"><\/i>  <span class=\"tm-list-li-content\">Constituci\u00f3 de societats, alta censal (model 036) i sol\u00b7licitud de certificat digital<\/span><\/li><li><i class=\"tm-skincolor fa fa-arrow-circle-right\"><\/i>  <span class=\"tm-list-li-content\">Suport en la planificaci\u00f3 fiscal per a reduir la c\u00e0rrega impositiva i optimitzar els teus recursos<\/span><\/li><li><i class=\"tm-skincolor fa fa-arrow-circle-right\"><\/i>  <span class=\"tm-list-li-content\">Emplenament d'enquestes oficials<\/span><\/li><\/ul>[\/vc_column][vc_column tm_zindex=&#8221;1&#8243; width=&#8221;1\/2&#8243;][vc_single_image image=&#8221;2260&#8243; img_size=&#8221;full&#8221; css=&#8221;&#8221;][vc_column_text css=&#8221;&#8221;]<\/p>\n<p style=\"text-align: justify;\">Ens adaptem a la teva realitat: ja siguis aut\u00f2nom, pime o gran empresa, amb o sense personal administratiu, t&#8217;oferim diferents modalitats de treball, totes amb la mateixa garantia de qualitat, serietat i confidencialitat.<\/p>\n<p>Amb pres\u00e8ncia a <strong>Rub\u00ed i\u00a0Cerdanyola\u00a0del Vall\u00e9s<\/strong>, som la teva assessoria fiscal i comptable de confian\u00e7a al Vall\u00e9s.<\/p>\n<p>[\/vc_column_text][\/vc_column][\/vc_row][vc_row tm_bgimage_position=&#8221;left_top&#8221; tm_bgimagefixed=&#8221;&#8221; break_in_responsive=&#8221;991&#8243; full_width=&#8221;stretch_row&#8221; css=&#8221;.vc_custom_1754898821722{padding-top: 80px !important;padding-bottom: 0px !important;}&#8221; tm_responsive_css=&#8221;45125244|colbreak_no|||||||||colbreak_no|||||40px||||colbreak_no||||||||||colbreak_no|||||||||&#8221;][vc_column width=&#8221;1\/2&#8243; tm_responsive_css=&#8221;73498654|colbreak_no|||||||||colbreak_no|||||0px||||colbreak_no||||||||||colbreak_no|||||||||&#8221;][vc_single_image image=&#8221;2266&#8243; img_size=&#8221;full&#8221; css=&#8221;&#8221;][\/vc_column][vc_column tm_zindex=&#8221;1&#8243; width=&#8221;1\/2&#8243;]<div class=\"tm-element-heading-wrapper tm-heading-inner tm-element-align-left tm-seperator-none tm-heading-style-vertical \"><section class=\"tm-vc_cta3-container\"><div class=\"tm-vc_general tm-vc_cta3 tm-cta3-only tm-vc_cta3-style-classic tm-vc_cta3-shape-rounded tm-vc_cta3-align-left tm-vc_cta3-color-transparent tm-vc_cta3-icon-size-md tm-vc_cta3-actions-no tm-cta3-with-desc\"><div class=\"tm-vc_cta3_content-container\"><div class=\"tm-vc_cta3-content\"><header class=\"tm-vc_cta3-content-header tm-wrap\"><div class=\"tm-vc_cta3-headers tm-wrap-cell\"><h4 class=\"tm-custom-heading \" >Gesti\u00f3 laboral eficient per al teu equip<\/h4>\n<h2 class=\"tm-custom-heading \" >Assessoria laboral<\/h2>\n<\/div><div class=\"heading-seperator\"><span><\/span><\/div><\/header><div class=\"tm-cta3-content-wrapper\">\n<p style=\"text-align: justify;\">A Tecnisem t&#8217;acompanyem en la gesti\u00f3 de les teves relacions laborals amb un servei complet, \u00e0gil i adaptat a la normativa vigent. El nostre equip d&#8217;assessors laborals, graduats socials i advocats especialitzats et garanteix una gesti\u00f3 efica\u00e7 i sense sorpreses.<\/p>\n<p><strong>Serveis laborals que oferim:<\/strong><\/p>\n<p><\/div><\/div><\/div><\/div><\/section><\/div> <!-- .tm-element-heading-wrapper container --> <ul class=\"tm-list tm-list-style-icon tm-list-icon-color-skincolor tm- tm-icon-skincolor tm-list-textsize- tm-list-icon-library-fontawesome\"><li><i class=\"tm-skincolor fa fa-arrow-circle-right\"><\/i>  <span class=\"tm-list-li-content\">Altes i baixes d'empresa a Seguretat Social<\/span><\/li><li><i class=\"tm-skincolor fa fa-arrow-circle-right\"><\/i>  <span class=\"tm-list-li-content\">Altes, baixes i variacions d'empleats<\/span><\/li><li><i class=\"tm-skincolor fa fa-arrow-circle-right\"><\/i>  <span class=\"tm-list-li-content\">Confecci\u00f3 de n\u00f2mines, assegurances socials (TCs) i cotitzacions<\/span><\/li><li><i class=\"tm-skincolor fa fa-arrow-circle-right\"><\/i>  <span class=\"tm-list-li-content\">Gesti\u00f3 de contractes de treball, pr\u00f2rrogues i transformacions<\/span><\/li><li><i class=\"tm-skincolor fa fa-arrow-circle-right\"><\/i>  <span class=\"tm-list-li-content\">Tramitaci\u00f3 de baixes per malaltia o accident laboral<\/span><\/li><li><i class=\"tm-skincolor fa fa-arrow-circle-right\"><\/i>  <span class=\"tm-list-li-content\">Gesti\u00f3 d'acomiadaments individuals i col\u00b7lectius, indemnitzacions i sancions<\/span><\/li><li><i class=\"tm-skincolor fa fa-arrow-circle-right\"><\/i>  <span class=\"tm-list-li-content\">Atenci\u00f3 a inspeccions de treball i representaci\u00f3 davant l'Administraci\u00f3<\/span><\/li><li><i class=\"tm-skincolor fa fa-arrow-circle-right\"><\/i>  <span class=\"tm-list-li-content\">Gesti\u00f3 de requeriments i al\u00b7legacions de la Seguretat Social<\/span><\/li><li><i class=\"tm-skincolor fa fa-arrow-circle-right\"><\/i>  <span class=\"tm-list-li-content\">Altes i baixes d'aut\u00f2noms, c\u00e0lcul de jubilacions i pensions<\/span><\/li><\/ul>[\/vc_column][\/vc_row][vc_row tm_bgcolor=&#8221;grey&#8221; tm_bgimagefixed=&#8221;&#8221; full_width=&#8221;stretch_row&#8221; css=&#8221;.vc_custom_1754900913956{padding-bottom: 85px !important;background-image: url(https:\/\/tecnisem.com\/wp-content\/uploads\/revslider\/stackcenter-classic-banner-1\/slidemainbg-04.jpg?id=2103) !important;background-position: center !important;background-repeat: no-repeat !important;background-size: cover !important;}&#8221; tm_responsive_css=&#8221;80953955|colbreak_no|||||||||colbreak_no|||||40px||60px||colbreak_no||||||||||colbreak_no|||||||||&#8221;][vc_column]<div class=\"tm-element-heading-wrapper tm-heading-inner tm-element-align-center tm-seperator-none tm-heading-style-vertical \"><section class=\"tm-vc_cta3-container\"><div class=\"tm-vc_general tm-vc_cta3 tm-cta3-only tm-vc_cta3-style-classic tm-vc_cta3-shape-rounded tm-vc_cta3-align-center tm-vc_cta3-color-transparent tm-vc_cta3-icon-size-md tm-vc_cta3-actions-no tm-cta3-without-desc\"><div class=\"tm-vc_cta3_content-container\"><div class=\"tm-vc_cta3-content\"><header class=\"tm-vc_cta3-content-header tm-wrap\"><div class=\"tm-vc_cta3-headers tm-wrap-cell\"><h4 class=\"tm-custom-heading \" >Qu\u00e8 podem fer per tu?<\/h4>\n<h2 class=\"tm-custom-heading \" >Descobreix tots els nostres <strong>serveis<\/strong><\/h2>\n<\/div><div class=\"heading-seperator\"><span><\/span><\/div><\/header><\/div><\/div><\/div><\/section><\/div> <!-- .tm-element-heading-wrapper container --> [vc_row_inner][vc_column_inner width=&#8221;1\/3&#8243;]<div class=\"tm-sbox tm-sbox-iconalign-top-center none tm-sbox-bgcolor-transparent tm-bgcolor-transparent tm-sbox-textcolor- tm-textcolor- tm-sbox-isize-md tm-sbox-isize-md tm-sbox-istyle-none  tm-sbox-heading-only\"><section class=\"tm-vc_cta3-container\"><div class=\"tm-vc_general tm-vc_cta3 tm-vc_cta3-align-left tm-vc_cta3-icon-size-md tm-vc_cta3-icons-top tm-vc_cta3-actions-bottom\"><div class=\"tm-vc_cta3-icons tm-wrap-cell\"><div class=\"tm-vc_icon_element tm-vc_icon_element-outer tm-vc_icon_element-align-left \"><div class=\"tm-vc_icon_element-inner  tm-vc_icon_element-color-skincolor tm-vc_icon_element-size-md tm-vc_icon_element-style-none tm-vc_icon_element-background-color-grey\" ><span class=\"tm-vc_icon_element-icon kw_lawgrid flaticon-legal\" ><\/span><\/div><\/div><\/div><div class=\"tm-vc_cta3_content-container\"><div class=\"tm-vc_cta3-content\"><div class=\"tm-vc_cta3-content-header tm-wrap\"><div class=\"tm-vc_cta3-headers tm-wrap-cell\"><h2 style=\"color:#243577;\" class=\"tm-custom-heading \" >Assessoria juridica<\/h2>\n<\/div><\/div><\/div><div class=\"tm-cta3-desc-btn-wrapper\"><div class=\"tm-cta3-description\"><div class=\"tm-cta3-content-wrapper\">\n<p style=\"text-align: center;\"><span style=\"color: #000000;\">A Tecnisem oferim assessorament integral i especialitzat per a empreses i particulars, amb un enfocament pr\u00e0ctic i eficient que protegeix els teus drets<\/span><\/p>\n<p><\/div><\/div>\n\t\t<div class=\"tm-vc_btn3-container tm-vc_btn3-inline\"><a class=\"tm-vc_general tm-vc_btn3 tm-vc_btn3-size-md tm-vc_btn3-shape-round tm-vc_btn3-style-text tm-vc_btn3-weight-no tm-vc_btn3-color-skincolor\" href=\"https:\/\/tecnisem.com\/ca\/assessoria-juridica\/\" title=\"Asesor\u00eda de empresas\">Saber m\u00e1s<\/a><\/div><\/div><\/div><\/div><\/section><\/div>[\/vc_column_inner][vc_column_inner width=&#8221;1\/3&#8243;]<div class=\"tm-sbox tm-sbox-iconalign-top-center none tm-sbox-bgcolor-transparent tm-bgcolor-transparent tm-sbox-textcolor- tm-textcolor- tm-sbox-isize-md tm-sbox-isize-md tm-sbox-istyle-none  tm-sbox-heading-only\"><section class=\"tm-vc_cta3-container\"><div class=\"tm-vc_general tm-vc_cta3 tm-vc_cta3-align-left tm-vc_cta3-icon-size-md tm-vc_cta3-icons-top tm-vc_cta3-actions-bottom\"><div class=\"tm-vc_cta3-icons tm-wrap-cell\"><div class=\"tm-vc_icon_element tm-vc_icon_element-outer tm-vc_icon_element-align-left \"><div class=\"tm-vc_icon_element-inner  tm-vc_icon_element-color-skincolor tm-vc_icon_element-size-md tm-vc_icon_element-style-none tm-vc_icon_element-background-color-grey\" ><span class=\"tm-vc_icon_element-icon kw_lawgrid flaticon-house\" ><\/span><\/div><\/div><\/div><div class=\"tm-vc_cta3_content-container\"><div class=\"tm-vc_cta3-content\"><div class=\"tm-vc_cta3-content-header tm-wrap\"><div class=\"tm-vc_cta3-headers tm-wrap-cell\"><h2 style=\"color:#243577;\" class=\"tm-custom-heading \" >Administraci\u00f3 finques<\/h2>\n<\/div><\/div><\/div><div class=\"tm-cta3-desc-btn-wrapper\"><div class=\"tm-cta3-description\"><div class=\"tm-cta3-content-wrapper\">\n<p style=\"text-align: center;\"><span style=\"color: #000000;\">El nostre equip de professionals treballa per a resoldre el dia a dia de la comunitat per a proporcionar als ve\u00efns la tranquil\u00b7litat que tant mereixen<\/span><\/p>\n<p><\/div><\/div>\n\t\t<div class=\"tm-vc_btn3-container tm-vc_btn3-inline\"><a class=\"tm-vc_general tm-vc_btn3 tm-vc_btn3-size-md tm-vc_btn3-shape-round tm-vc_btn3-style-text tm-vc_btn3-weight-no tm-vc_btn3-color-skincolor\" href=\"https:\/\/tecnisem.com\/asesoria-de-empresas\/\" title=\"Asesor\u00eda de empresas\">Saber m\u00e1s<\/a><\/div><\/div><\/div><\/div><\/section><\/div>[\/vc_column_inner][vc_column_inner width=&#8221;1\/3&#8243;]<div class=\"tm-sbox tm-sbox-iconalign-top-center none tm-sbox-bgcolor-transparent tm-bgcolor-transparent tm-sbox-textcolor- tm-textcolor- tm-sbox-isize-md tm-sbox-isize-md tm-sbox-istyle-none  tm-sbox-heading-only\"><section class=\"tm-vc_cta3-container\"><div class=\"tm-vc_general tm-vc_cta3 tm-vc_cta3-align-left tm-vc_cta3-icon-size-md tm-vc_cta3-icons-top tm-vc_cta3-actions-bottom\"><div class=\"tm-vc_cta3-icons tm-wrap-cell\"><div class=\"tm-vc_icon_element tm-vc_icon_element-outer tm-vc_icon_element-align-left \"><div class=\"tm-vc_icon_element-inner  tm-vc_icon_element-color-skincolor tm-vc_icon_element-size-md tm-vc_icon_element-style-none tm-vc_icon_element-background-color-grey\" ><span class=\"tm-vc_icon_element-icon kw_lawgrid flaticon-lawyer-13\" ><\/span><\/div><\/div><\/div><div class=\"tm-vc_cta3_content-container\"><div class=\"tm-vc_cta3-content\"><div class=\"tm-vc_cta3-content-header tm-wrap\"><div class=\"tm-vc_cta3-headers tm-wrap-cell\"><h2 style=\"color:#243577;\" class=\"tm-custom-heading \" >Correduria assegurances<\/h2>\n<\/div><\/div><\/div><div class=\"tm-cta3-desc-btn-wrapper\"><div class=\"tm-cta3-description\"><div class=\"tm-cta3-content-wrapper\">\n<p style=\"text-align: center;\"><span style=\"color: #000000;\">Oferim solucions asseguradores personalitzades, amb les millors cobertures del mercat i el suport de companyies de primer nivell perqu\u00e8 estiguis tranquil<\/span><\/p>\n<p><\/div><\/div>\n\t\t<div class=\"tm-vc_btn3-container tm-vc_btn3-inline\"><a class=\"tm-vc_general tm-vc_btn3 tm-vc_btn3-size-md tm-vc_btn3-shape-round tm-vc_btn3-style-text tm-vc_btn3-weight-no tm-vc_btn3-color-skincolor\" href=\"https:\/\/tecnisem.com\/asesoria-de-empresas\/\" title=\"Asesor\u00eda de empresas\">Saber m\u00e1s<\/a><\/div><\/div><\/div><\/div><\/section><\/div>[\/vc_column_inner][\/vc_row_inner][\/vc_column][\/vc_row]<\/p>\n<\/div>","protected":false},"excerpt":{"rendered":"<p>[vc_row tm_bgimage_position=&#8221;right_bottom&#8221; tm_bgimagefixed=&#8221;&#8221; break_in_responsive=&#8221;991&#8243; full_width=&#8221;stretch_row&#8221; css=&#8221;.vc_custom_1573472174727{padding-top: 99px !important;padding-bottom: 54px !important;background-image: url(http:\/\/lawgrid.themetechmount.net\/lawgrid-data\/wp-content\/uploads\/sites\/2\/2019\/11\/row-pattern-five.png?id=2001) !important;background-position: 0 0 !important;background-repeat: no-repeat !important;}&#8221; tm_responsive_css=&#8221;23271408|colbreak_no|||||||||colbreak_no|||||50px||15px||colbreak_no||||||||||colbreak_no|||||||||&#8221;][vc_column width=&#8221;1\/2&#8243; el_class=&#8221;.tm-rotate-style-2 tm-heading-rotate&#8221;][vc_single_image image=&#8221;2258&#8243; img_size=&#8221;full&#8221; css=&#8221;&#8221;][\/vc_column][vc_column reduce_extra_padding=&#8221;991&#8243; width=&#8221;1\/2&#8243; css=&#8221;.vc_custom_1573374182660{padding-top: 30px !important;padding-left: 30px !important;}&#8221; tm_responsive_css=&#8221;29561978|colbreak_no|||||||||colbreak_no|||||0px||20px||colbreak_no||||||||||colbreak_no|||||||||&#8221;][vc_row_inner css=&#8221;.vc_custom_1569820510809{margin-top: -27px !important;}&#8221; el_class=&#8221;tm-column-inline&#8221;][vc_column_inner css=&#8221;.vc_custom_1564566382282{padding-right: 0px !important;}&#8221;][\/vc_column_inner][\/vc_row_inner][\/vc_column][\/vc_row][vc_row tm_bgcolor=&#8221;grey&#8221; tm_bgimage_position=&#8221;left_top&#8221; tm_bgimagefixed=&#8221;&#8221; break_in_responsive=&#8221;991&#8243; full_width=&#8221;stretch_row&#8221; css=&#8221;.vc_custom_1754898856314{padding-top: 80px !important;padding-bottom: 40px !important;background-image: url(http:\/\/lawgrid.themetechmount.net\/lawgrid-data\/wp-content\/uploads\/sites\/2\/2019\/09\/row-pattern-six1.png?id=1266) !important;background-position: 0 0 !important;background-repeat: no-repeat &hellip; <a href=\"https:\/\/tecnisem.com\/ca\/assessoria-empreses\/\" class=\"more-link\">Continue reading <span class=\"screen-reader-text\">Assessoria empreses<\/span><\/a><\/p>\n","protected":false},"author":1,"featured_media":0,"parent":0,"menu_order":4,"comment_status":"closed","ping_status":"closed","template":"","meta":{"footnotes":""},"class_list":["post-2394","page","type-page","status-publish","hentry"],"aioseo_notices":[],"_links":{"self":[{"href":"https:\/\/tecnisem.com\/ca\/wp-json\/wp\/v2\/pages\/2394","targetHints":{"allow":["GET"]}}],"collection":[{"href":"https:\/\/tecnisem.com\/ca\/wp-json\/wp\/v2\/pages"}],"about":[{"href":"https:\/\/tecnisem.com\/ca\/wp-json\/wp\/v2\/types\/page"}],"author":[{"embeddable":true,"href":"https:\/\/tecnisem.com\/ca\/wp-json\/wp\/v2\/users\/1"}],"replies":[{"embeddable":true,"href":"https:\/\/tecnisem.com\/ca\/wp-json\/wp\/v2\/comments?post=2394"}],"version-history":[{"count":6,"href":"https:\/\/tecnisem.com\/ca\/wp-json\/wp\/v2\/pages\/2394\/revisions"}],"predecessor-version":[{"id":2424,"href":"https:\/\/tecnisem.com\/ca\/wp-json\/wp\/v2\/pages\/2394\/revisions\/2424"}],"wp:attachment":[{"href":"https:\/\/tecnisem.com\/ca\/wp-json\/wp\/v2\/media?parent=2394"}],"curies":[{"name":"wp","href":"https:\/\/api.w.org\/{rel}","templated":true}]}}