{"id":2392,"date":"2025-08-05T10:36:27","date_gmt":"2025-08-05T08:36:27","guid":{"rendered":"https:\/\/tecnisem.com\/tecnisem\/"},"modified":"2025-08-11T12:57:00","modified_gmt":"2025-08-11T10:57:00","slug":"tecnisem","status":"publish","type":"page","link":"https:\/\/tecnisem.com\/ca\/tecnisem\/","title":{"rendered":"Tecnisem"},"content":{"rendered":"<div class=\"wpb-content-wrapper\"><p>[vc_row tm_bgimage_position=&#8221;right_bottom&#8221; tm_bgimagefixed=&#8221;&#8221; break_in_responsive=&#8221;991&#8243; full_width=&#8221;stretch_row&#8221; css=&#8221;.vc_custom_1573472174727{padding-top: 99px !important;padding-bottom: 54px !important;background-image: url(http:\/\/lawgrid.themetechmount.net\/lawgrid-data\/wp-content\/uploads\/sites\/2\/2019\/11\/row-pattern-five.png?id=2001) !important;background-position: 0 0 !important;background-repeat: no-repeat !important;}&#8221; tm_responsive_css=&#8221;23271408|colbreak_no|||||||||colbreak_no|||||50px||15px||colbreak_no||||||||||colbreak_no|||||||||&#8221;][vc_column width=&#8221;1\/2&#8243;][vc_single_image image=&#8221;2231&#8243; img_size=&#8221;full&#8221; alignment=&#8221;center&#8221; css=&#8221;&#8221;][\/vc_column][vc_column reduce_extra_padding=&#8221;991&#8243; width=&#8221;1\/2&#8243; css=&#8221;.vc_custom_1573374182660{padding-top: 30px !important;padding-left: 30px !important;}&#8221; tm_responsive_css=&#8221;29561978|colbreak_no|||||||||colbreak_no|||||0px||20px||colbreak_no||||||||||colbreak_no|||||||||&#8221;]<div class=\"tm-element-heading-wrapper tm-heading-inner tm-element-align-left tm-seperator-none tm-heading-style-vertical \"><section class=\"tm-vc_cta3-container\"><div class=\"tm-vc_general tm-vc_cta3 tm-cta3-only tm-vc_cta3-style-classic tm-vc_cta3-shape-rounded tm-vc_cta3-align-left tm-vc_cta3-color-transparent tm-vc_cta3-icon-size-md tm-vc_cta3-actions-no tm-cta3-with-desc\"><div class=\"tm-vc_cta3_content-container\"><div class=\"tm-vc_cta3-content\"><header class=\"tm-vc_cta3-content-header tm-wrap\"><div class=\"tm-vc_cta3-headers tm-wrap-cell\"><h4 class=\"tm-custom-heading \" >Sobre nosaltres<\/h4>\n<h2 class=\"tm-custom-heading \" >Professionals experts per a donar suport a cada \u00e0rea de la teva empresa<\/h2>\n<\/div><div class=\"heading-seperator\"><span><\/span><\/div><\/header><div class=\"tm-cta3-content-wrapper\">\n<p style=\"text-align: justify;\">A <strong>Tecnisem<\/strong>, portem m\u00e9s de 40 anys oferint un servei d&#8217;assessoria integral basat en la proximitat, la confian\u00e7a i la professionalitat. Fundada en 1980, la nostra signatura ha acompanyat a centenars d&#8217;empreses i particulars, convertint-se en un <strong>despatx de refer\u00e8ncia a Rub\u00ed i Cerdanyola del Vall\u00e9s<\/strong>.<\/p>\n<p style=\"text-align: justify;\">El nostre equip est\u00e0 format per <strong>economistes, advocats, graduats socials i assessors especialitzats<\/strong>, que treballen coordinadament per a donar resposta a totes les teves necessitats en <strong>l&#8217;\u00e0mbit comptable, fiscal, laboral i jur\u00eddic.<\/strong><\/p>\n<p><\/div><\/div><\/div><\/div><\/section><\/div> <!-- .tm-element-heading-wrapper container --> [\/vc_column][\/vc_row][vc_row tm_bgcolor=&#8221;grey&#8221; tm_bgimage_position=&#8221;left_top&#8221; tm_bgimagefixed=&#8221;&#8221; break_in_responsive=&#8221;991&#8243; full_width=&#8221;stretch_row&#8221; css=&#8221;.vc_custom_1754898281705{padding-top: 80px !important;padding-bottom: 30px !important;background-image: url(http:\/\/lawgrid.themetechmount.net\/lawgrid-data\/wp-content\/uploads\/sites\/2\/2019\/09\/row-pattern-six1.png?id=1266) !important;background-position: 0 0 !important;background-repeat: no-repeat !important;}&#8221; tm_responsive_css=&#8221;45125244|colbreak_no|||||||||colbreak_no|||||40px||||colbreak_no||||||||||colbreak_no|||||||||&#8221;][vc_column width=&#8221;1\/2&#8243; css=&#8221;.vc_custom_1569563766085{padding-top: 68px !important;}&#8221; tm_responsive_css=&#8221;73498654|colbreak_no|||||||||colbreak_no|||||0px||||colbreak_no||||||||||colbreak_no|||||||||&#8221;]<div class=\"tm-element-heading-wrapper tm-heading-inner tm-element-align-left tm-seperator-none tm-heading-style-vertical \"><section class=\"tm-vc_cta3-container\"><div class=\"tm-vc_general tm-vc_cta3 tm-cta3-only tm-vc_cta3-style-classic tm-vc_cta3-shape-rounded tm-vc_cta3-align-left tm-vc_cta3-color-transparent tm-vc_cta3-icon-size-md tm-vc_cta3-actions-no tm-cta3-with-desc\"><div class=\"tm-vc_cta3_content-container\"><div class=\"tm-vc_cta3-content\"><header class=\"tm-vc_cta3-content-header tm-wrap\"><div class=\"tm-vc_cta3-headers tm-wrap-cell\"><h4 class=\"tm-custom-heading \" >Serveis<\/h4>\n<h2 class=\"tm-custom-heading \" >Solucions integrals en assessoria i consultoria<\/h2>\n<\/div><div class=\"heading-seperator\"><span><\/span><\/div><\/header><div class=\"tm-cta3-content-wrapper\">\n<p style=\"text-align: justify;\">Comencem la nostra activitat com a <strong>assessoria comptable i tribut\u00e0ria<\/strong>, ampliant amb el temps els nostres serveis a la <strong>gestoria administrativa, l&#8217;administraci\u00f3 de finques i la corredoria d&#8217;assegurances<\/strong>, sempre amb un enfocament clar: oferir solucions integrals amb tracte personalitzat i m\u00e0xima confidencialitat.<\/p>\n<p style=\"text-align: justify;\">En un entorn cada vegada m\u00e9s digital, apostem per les tecnologies m\u00e9s avan\u00e7ades per a facilitar la comunicaci\u00f3 amb els nostres clients i agilitzar els processos, sense renunciar a la proximitat que ens caracteritza.<\/p>\n<p><\/div><\/div><\/div><\/div><\/section><\/div> <!-- .tm-element-heading-wrapper container --> [\/vc_column][vc_column tm_zindex=&#8221;1&#8243; width=&#8221;1\/2&#8243;][vc_single_image image=&#8221;2235&#8243; img_size=&#8221;full&#8221; css=&#8221;&#8221;][\/vc_column][\/vc_row][vc_row tm_bgcolor=&#8221;grey&#8221; tm_bgimagefixed=&#8221;&#8221; full_width=&#8221;stretch_row&#8221; css=&#8221;.vc_custom_1754898192730{padding-bottom: 85px !important;background-image: url(https:\/\/tecnisem.com\/wp-content\/uploads\/revslider\/stackcenter-classic-banner-1\/slidemainbg-04.jpg?id=2103) !important;background-position: center !important;background-repeat: no-repeat !important;background-size: cover !important;}&#8221; tm_responsive_css=&#8221;80953955|colbreak_no|||||||||colbreak_no|||||40px||60px||colbreak_no||||||||||colbreak_no|||||||||&#8221;][vc_column]<div class=\"tm-element-heading-wrapper tm-heading-inner tm-element-align-center tm-seperator-none tm-heading-style-vertical \"><section class=\"tm-vc_cta3-container\"><div class=\"tm-vc_general tm-vc_cta3 tm-cta3-only tm-vc_cta3-style-classic tm-vc_cta3-shape-rounded tm-vc_cta3-align-center tm-vc_cta3-color-transparent tm-vc_cta3-icon-size-md tm-vc_cta3-actions-no tm-cta3-without-desc\"><div class=\"tm-vc_cta3_content-container\"><div class=\"tm-vc_cta3-content\"><header class=\"tm-vc_cta3-content-header tm-wrap\"><div class=\"tm-vc_cta3-headers tm-wrap-cell\"><h4 class=\"tm-custom-heading \" >Qu\u00e8 podem fer per tu?<\/h4>\n<h2 class=\"tm-custom-heading \" >Descobreix tots els nostres <strong>serveis<\/strong><\/h2>\n<\/div><div class=\"heading-seperator\"><span><\/span><\/div><\/header><\/div><\/div><\/div><\/section><\/div> <!-- .tm-element-heading-wrapper container --> [vc_row_inner][vc_column_inner width=&#8221;1\/4&#8243;]<div class=\"tm-sbox tm-sbox-iconalign-top-center none tm-sbox-bgcolor-transparent tm-bgcolor-transparent tm-sbox-textcolor- tm-textcolor- tm-sbox-isize-md tm-sbox-isize-md tm-sbox-istyle-none  tm-sbox-heading-only\"><section class=\"tm-vc_cta3-container\"><div class=\"tm-vc_general tm-vc_cta3 tm-vc_cta3-align-left tm-vc_cta3-icon-size-md tm-vc_cta3-icons-top tm-vc_cta3-actions-bottom\"><div class=\"tm-vc_cta3-icons tm-wrap-cell\"><div class=\"tm-vc_icon_element tm-vc_icon_element-outer tm-vc_icon_element-align-left \"><div class=\"tm-vc_icon_element-inner  tm-vc_icon_element-color-skincolor tm-vc_icon_element-size-md tm-vc_icon_element-style-none tm-vc_icon_element-background-color-grey\" ><span class=\"tm-vc_icon_element-icon kw_lawgrid flaticon-legal\" ><\/span><\/div><\/div><\/div><div class=\"tm-vc_cta3_content-container\"><div class=\"tm-vc_cta3-content\"><div class=\"tm-vc_cta3-content-header tm-wrap\"><div class=\"tm-vc_cta3-headers tm-wrap-cell\"><h2 style=\"color:#243577;\" class=\"tm-custom-heading \" >Assessoria empreses<\/h2>\n<\/div><\/div><\/div><div class=\"tm-cta3-desc-btn-wrapper\"><div class=\"tm-cta3-description\"><div class=\"tm-cta3-content-wrapper\">\n<p style=\"text-align: center;\"><span style=\"color: #000000;\">Servei integral d&#8217;assessoria fiscal, comptable i laboral, perqu\u00e8 puguis dedicar-te plenament al teu negoci amb la tranquil\u00b7litat d&#8217;estar ben assessorat<\/span><\/p>\n<p><\/div><\/div>\n\t\t<div class=\"tm-vc_btn3-container tm-vc_btn3-inline\"><a class=\"tm-vc_general tm-vc_btn3 tm-vc_btn3-size-md tm-vc_btn3-shape-round tm-vc_btn3-style-text tm-vc_btn3-weight-no tm-vc_btn3-color-skincolor\" href=\"https:\/\/tecnisem.com\/asesoria-de-empresas\/\" title=\"Asesor\u00eda de empresas\">Saber m\u00e9s<\/a><\/div><\/div><\/div><\/div><\/section><\/div>[\/vc_column_inner][vc_column_inner width=&#8221;1\/4&#8243;]<div class=\"tm-sbox tm-sbox-iconalign-top-center none tm-sbox-bgcolor-transparent tm-bgcolor-transparent tm-sbox-textcolor- tm-textcolor- tm-sbox-isize-md tm-sbox-isize-md tm-sbox-istyle-none  tm-sbox-heading-only\"><section class=\"tm-vc_cta3-container\"><div class=\"tm-vc_general tm-vc_cta3 tm-vc_cta3-align-left tm-vc_cta3-icon-size-md tm-vc_cta3-icons-top tm-vc_cta3-actions-bottom\"><div class=\"tm-vc_cta3-icons tm-wrap-cell\"><div class=\"tm-vc_icon_element tm-vc_icon_element-outer tm-vc_icon_element-align-left \"><div class=\"tm-vc_icon_element-inner  tm-vc_icon_element-color-skincolor tm-vc_icon_element-size-md tm-vc_icon_element-style-none tm-vc_icon_element-background-color-grey\" ><span class=\"tm-vc_icon_element-icon kw_lawgrid flaticon-house\" ><\/span><\/div><\/div><\/div><div class=\"tm-vc_cta3_content-container\"><div class=\"tm-vc_cta3-content\"><div class=\"tm-vc_cta3-content-header tm-wrap\"><div class=\"tm-vc_cta3-headers tm-wrap-cell\"><h2 style=\"color:#243577;\" class=\"tm-custom-heading \" >Administraci\u00f3 finques<\/h2>\n<\/div><\/div><\/div><div class=\"tm-cta3-desc-btn-wrapper\"><div class=\"tm-cta3-description\"><div class=\"tm-cta3-content-wrapper\">\n<p style=\"text-align: center;\"><span style=\"color: #000000;\">El nostre equip de professionals treballa per a resoldre el dia a dia de la comunitat per a proporcionar als ve\u00efns la tranquil\u00b7litat que tant mereixen<\/span><\/p>\n<p><\/div><\/div>\n\t\t<div class=\"tm-vc_btn3-container tm-vc_btn3-inline\"><a class=\"tm-vc_general tm-vc_btn3 tm-vc_btn3-size-md tm-vc_btn3-shape-round tm-vc_btn3-style-text tm-vc_btn3-weight-no tm-vc_btn3-color-skincolor\" href=\"https:\/\/tecnisem.com\/asesoria-de-empresas\/\" title=\"Asesor\u00eda de empresas\">Saber m\u00e9s<\/a><\/div><\/div><\/div><\/div><\/section><\/div>[\/vc_column_inner][vc_column_inner width=&#8221;1\/4&#8243;]<div class=\"tm-sbox tm-sbox-iconalign-top-center none tm-sbox-bgcolor-transparent tm-bgcolor-transparent tm-sbox-textcolor- tm-textcolor- tm-sbox-isize-md tm-sbox-isize-md tm-sbox-istyle-none  tm-sbox-heading-only\"><section class=\"tm-vc_cta3-container\"><div class=\"tm-vc_general tm-vc_cta3 tm-vc_cta3-align-left tm-vc_cta3-icon-size-md tm-vc_cta3-icons-top tm-vc_cta3-actions-bottom\"><div class=\"tm-vc_cta3-icons tm-wrap-cell\"><div class=\"tm-vc_icon_element tm-vc_icon_element-outer tm-vc_icon_element-align-left \"><div class=\"tm-vc_icon_element-inner  tm-vc_icon_element-color-skincolor tm-vc_icon_element-size-md tm-vc_icon_element-style-none tm-vc_icon_element-background-color-grey\" ><span class=\"tm-vc_icon_element-icon kw_lawgrid flaticon-lawyer-13\" ><\/span><\/div><\/div><\/div><div class=\"tm-vc_cta3_content-container\"><div class=\"tm-vc_cta3-content\"><div class=\"tm-vc_cta3-content-header tm-wrap\"><div class=\"tm-vc_cta3-headers tm-wrap-cell\"><h2 style=\"color:#243577;\" class=\"tm-custom-heading \" >Correduria assegurances<\/h2>\n<\/div><\/div><\/div><div class=\"tm-cta3-desc-btn-wrapper\"><div class=\"tm-cta3-description\"><div class=\"tm-cta3-content-wrapper\">\n<p style=\"text-align: center;\"><span style=\"color: #000000;\">Oferim solucions asseguradores personalitzades, amb les millors cobertures del mercat i el suport de companyies de primer nivell perqu\u00e8 estiguis tranquil<\/span><\/p>\n<p><\/div><\/div>\n\t\t<div class=\"tm-vc_btn3-container tm-vc_btn3-inline\"><a class=\"tm-vc_general tm-vc_btn3 tm-vc_btn3-size-md tm-vc_btn3-shape-round tm-vc_btn3-style-text tm-vc_btn3-weight-no tm-vc_btn3-color-skincolor\" href=\"https:\/\/tecnisem.com\/asesoria-de-empresas\/\" title=\"Asesor\u00eda de empresas\">Saber m\u00e1s<\/a><\/div><\/div><\/div><\/div><\/section><\/div>[\/vc_column_inner][vc_column_inner width=&#8221;1\/4&#8243;]<div class=\"tm-sbox tm-sbox-iconalign-top-center none tm-sbox-bgcolor-transparent tm-bgcolor-transparent tm-sbox-textcolor- tm-textcolor- tm-sbox-isize-md tm-sbox-isize-md tm-sbox-istyle-none  tm-sbox-heading-only\"><section class=\"tm-vc_cta3-container\"><div class=\"tm-vc_general tm-vc_cta3 tm-vc_cta3-align-left tm-vc_cta3-icon-size-md tm-vc_cta3-icons-top tm-vc_cta3-actions-bottom\"><div class=\"tm-vc_cta3-icons tm-wrap-cell\"><div class=\"tm-vc_icon_element tm-vc_icon_element-outer tm-vc_icon_element-align-left \"><div class=\"tm-vc_icon_element-inner  tm-vc_icon_element-color-skincolor tm-vc_icon_element-size-md tm-vc_icon_element-style-none tm-vc_icon_element-background-color-grey\" ><span class=\"tm-vc_icon_element-icon kw_lawgrid flaticon-family\" ><\/span><\/div><\/div><\/div><div class=\"tm-vc_cta3_content-container\"><div class=\"tm-vc_cta3-content\"><div class=\"tm-vc_cta3-content-header tm-wrap\"><div class=\"tm-vc_cta3-headers tm-wrap-cell\"><h2 style=\"color:#243577;\" class=\"tm-custom-heading \" >Assessoria jur\u00eddica<\/h2>\n<\/div><\/div><\/div><div class=\"tm-cta3-desc-btn-wrapper\"><div class=\"tm-cta3-description\"><div class=\"tm-cta3-content-wrapper\">\n<p style=\"text-align: center;\"><span style=\"color: #000000;\">Oferim assessorament integral i especialitzat per a empreses i particulars, amb un enfocament pr\u00e0ctic i eficient que protegeix els teus drets<\/span><\/p>\n<p><\/div><\/div>\n\t\t<div class=\"tm-vc_btn3-container tm-vc_btn3-inline\"><a class=\"tm-vc_general tm-vc_btn3 tm-vc_btn3-size-md tm-vc_btn3-shape-round tm-vc_btn3-style-text tm-vc_btn3-weight-no tm-vc_btn3-color-skincolor\" href=\"https:\/\/tecnisem.com\/asesoria-de-empresas\/\" title=\"Asesor\u00eda de empresas\">Saber m\u00e1s<\/a><\/div><\/div><\/div><\/div><\/section><\/div>[\/vc_column_inner][\/vc_row_inner][\/vc_column][\/vc_row]<\/p>\n<\/div>","protected":false},"excerpt":{"rendered":"<p>[vc_row tm_bgimage_position=&#8221;right_bottom&#8221; tm_bgimagefixed=&#8221;&#8221; break_in_responsive=&#8221;991&#8243; full_width=&#8221;stretch_row&#8221; css=&#8221;.vc_custom_1573472174727{padding-top: 99px !important;padding-bottom: 54px !important;background-image: url(http:\/\/lawgrid.themetechmount.net\/lawgrid-data\/wp-content\/uploads\/sites\/2\/2019\/11\/row-pattern-five.png?id=2001) !important;background-position: 0 0 !important;background-repeat: no-repeat !important;}&#8221; tm_responsive_css=&#8221;23271408|colbreak_no|||||||||colbreak_no|||||50px||15px||colbreak_no||||||||||colbreak_no|||||||||&#8221;][vc_column width=&#8221;1\/2&#8243;][vc_single_image image=&#8221;2231&#8243; img_size=&#8221;full&#8221; alignment=&#8221;center&#8221; css=&#8221;&#8221;][\/vc_column][vc_column reduce_extra_padding=&#8221;991&#8243; width=&#8221;1\/2&#8243; css=&#8221;.vc_custom_1573374182660{padding-top: 30px !important;padding-left: 30px !important;}&#8221; tm_responsive_css=&#8221;29561978|colbreak_no|||||||||colbreak_no|||||0px||20px||colbreak_no||||||||||colbreak_no|||||||||&#8221;][\/vc_column][\/vc_row][vc_row tm_bgcolor=&#8221;grey&#8221; tm_bgimage_position=&#8221;left_top&#8221; tm_bgimagefixed=&#8221;&#8221; break_in_responsive=&#8221;991&#8243; full_width=&#8221;stretch_row&#8221; css=&#8221;.vc_custom_1754898281705{padding-top: 80px !important;padding-bottom: 30px !important;background-image: url(http:\/\/lawgrid.themetechmount.net\/lawgrid-data\/wp-content\/uploads\/sites\/2\/2019\/09\/row-pattern-six1.png?id=1266) !important;background-position: 0 0 !important;background-repeat: no-repeat !important;}&#8221; tm_responsive_css=&#8221;45125244|colbreak_no|||||||||colbreak_no|||||40px||||colbreak_no||||||||||colbreak_no|||||||||&#8221;][vc_column width=&#8221;1\/2&#8243; css=&#8221;.vc_custom_1569563766085{padding-top: 68px !important;}&#8221; tm_responsive_css=&#8221;73498654|colbreak_no|||||||||colbreak_no|||||0px||||colbreak_no||||||||||colbreak_no|||||||||&#8221;][\/vc_column][vc_column tm_zindex=&#8221;1&#8243; &hellip; <a href=\"https:\/\/tecnisem.com\/ca\/tecnisem\/\" class=\"more-link\">Continue reading <span class=\"screen-reader-text\">Tecnisem<\/span><\/a><\/p>\n","protected":false},"author":1,"featured_media":0,"parent":0,"menu_order":4,"comment_status":"closed","ping_status":"closed","template":"","meta":{"footnotes":""},"class_list":["post-2392","page","type-page","status-publish","hentry"],"aioseo_notices":[],"_links":{"self":[{"href":"https:\/\/tecnisem.com\/ca\/wp-json\/wp\/v2\/pages\/2392","targetHints":{"allow":["GET"]}}],"collection":[{"href":"https:\/\/tecnisem.com\/ca\/wp-json\/wp\/v2\/pages"}],"about":[{"href":"https:\/\/tecnisem.com\/ca\/wp-json\/wp\/v2\/types\/page"}],"author":[{"embeddable":true,"href":"https:\/\/tecnisem.com\/ca\/wp-json\/wp\/v2\/users\/1"}],"replies":[{"embeddable":true,"href":"https:\/\/tecnisem.com\/ca\/wp-json\/wp\/v2\/comments?post=2392"}],"version-history":[{"count":4,"href":"https:\/\/tecnisem.com\/ca\/wp-json\/wp\/v2\/pages\/2392\/revisions"}],"predecessor-version":[{"id":2409,"href":"https:\/\/tecnisem.com\/ca\/wp-json\/wp\/v2\/pages\/2392\/revisions\/2409"}],"wp:attachment":[{"href":"https:\/\/tecnisem.com\/ca\/wp-json\/wp\/v2\/media?parent=2392"}],"curies":[{"name":"wp","href":"https:\/\/api.w.org\/{rel}","templated":true}]}}