{"id":2389,"date":"2025-08-05T10:36:03","date_gmt":"2025-08-05T08:36:03","guid":{"rendered":"https:\/\/tecnisem.com\/inicio\/"},"modified":"2025-08-11T13:54:54","modified_gmt":"2025-08-11T11:54:54","slug":"inicio","status":"publish","type":"page","link":"https:\/\/tecnisem.com\/ca\/","title":{"rendered":"Inici"},"content":{"rendered":"<div class=\"wpb-content-wrapper\"><p>[vc_row tm_bgimagefixed=&#8221;&#8221; break_in_responsive=&#8221;991&#8243; full_width=&#8221;stretch_row&#8221; css=&#8221;.vc_custom_1573354949943{padding-top: 125px !important;padding-bottom: 82px !important;}&#8221; tm_responsive_css=&#8221;59862277|colbreak_no|||||||||colbreak_no|||||50px||100px||colbreak_no||||||||||colbreak_no|||||||||&#8221;][vc_column width=&#8221;1\/2&#8243; css=&#8221;.vc_custom_1573214504626{padding-right: 0px !important;}&#8221;]<div class=\"tm-element-heading-wrapper tm-heading-inner tm-element-align-left tm-seperator-none tm-heading-style-vertical \"><section class=\"tm-vc_cta3-container\"><div class=\"tm-vc_general tm-vc_cta3 tm-cta3-only tm-vc_cta3-style-classic tm-vc_cta3-shape-rounded tm-vc_cta3-align-left tm-vc_cta3-color-transparent tm-vc_cta3-icon-size-md tm-vc_cta3-actions-no tm-cta3-with-desc\"><div class=\"tm-vc_cta3_content-container\"><div class=\"tm-vc_cta3-content\"><header class=\"tm-vc_cta3-content-header tm-wrap\"><div class=\"tm-vc_cta3-headers tm-wrap-cell\"><h4 class=\"tm-custom-heading \" >Sobre nosaltres<\/h4>\n<h2 class=\"tm-custom-heading \" >Un equip multidisciplinari comprom\u00e8s amb la teva tranquil\u00b7litat<\/h2>\n<\/div><div class=\"heading-seperator\"><span><\/span><\/div><\/header><div class=\"tm-cta3-content-wrapper\">\n<p style=\"text-align: justify;\">A <strong>Tecnisem<\/strong>, portem m\u00e9s de 40 anys oferint un servei d&#8217;assessoria integral basat en la proximitat, la confian\u00e7a i la professionalitat. Fundada en 1980, la nostra signatura ha acompanyat a centenars d&#8217;empreses i particulars, convertint-se en un <strong>despatx de refer\u00e8ncia a Rub\u00ed i Cerdanyola del Vall\u00e9s<\/strong>.<\/p>\n<p style=\"text-align: justify;\">El nostre equip est\u00e0 format per <strong>economistes, advocats, graduats socials i assessors especialitzats<\/strong>, que treballen coordinadament per a donar resposta a totes les teves necessitats en <strong>l&#8217;\u00e0mbit comptable, fiscal, laboral i jur\u00eddic.<\/strong><\/p>\n<p><\/div><\/div><\/div><\/div><\/section><\/div> <!-- .tm-element-heading-wrapper container --> [vc_btn title=&#8221;Coneix-nos&#8221; style=&#8221;outline-custom&#8221; outline_custom_color=&#8221;#243577&#8243; outline_custom_hover_background=&#8221;#8B8585&#8243; css=&#8221;&#8221; link=&#8221;url:https%3A%2F%2Ftecnisem.com%2Ftecnisem%2F|title:Tecnisem&#8221;][\/vc_column][vc_column width=&#8221;1\/2&#8243; tm_responsive_css=&#8221;12167443|colbreak_no|||||||||colbreak_no|||||60px|||15px|colbreak_no||||||||||colbreak_no|||||||||&#8221; css=&#8221;.vc_custom_1573214510907{padding-left: 50px !important;}&#8221;][vc_single_image image=&#8221;2289&#8243; img_size=&#8221;full&#8221; alignment=&#8221;center&#8221; css=&#8221;&#8221;][\/vc_column][\/vc_row][vc_row tm_bgimagefixed=&#8221;&#8221; break_in_responsive=&#8221;991&#8243; full_width=&#8221;stretch_row&#8221; equal_height=&#8221;yes&#8221; css=&#8221;.vc_custom_1754386226181{padding-top: 50px !important;padding-bottom: 0px !important;}&#8221;][vc_column reduce_extra_padding=&#8221;991&#8243; tm_col_bg_expand=&#8221;left&#8221; tm_zindex=&#8221;2&#8243; width=&#8221;5\/12&#8243; css=&#8221;.vc_custom_1754897655759{margin-top: -60px !important;margin-right: -40px !important;background-image: url(https:\/\/tecnisem.com\/wp-content\/uploads\/2025\/08\/Tecnisem.jpg?id=2233) !important;background-position: center !important;background-repeat: no-repeat !important;background-size: cover !important;}&#8221; tm_responsive_css=&#8221;90073693|colbreak_no|||||||||colbreak_no|0px|0px|||240px||240px||colbreak_no||||||||||colbreak_no|||||||||&#8221;][\/vc_column][vc_column tm_bgcolor=&#8221;skincolor&#8221; reduce_extra_padding=&#8221;991&#8243; tm_col_bg_expand=&#8221;right&#8221; tm_zindex=&#8221;1&#8243; width=&#8221;7\/12&#8243; css=&#8221;.vc_custom_1571120709329{margin-left: -80px !important;padding-top: 68px !important;padding-bottom: 52px !important;padding-left: 200px !important;}&#8221; tm_responsive_css=&#8221;90324739|colbreak_no|||||||||colbreak_no||||0px|30px||15px|15px|colbreak_no||||||||||colbreak_no|||||||||&#8221;]<div class=\"tm-element-heading-wrapper tm-heading-inner tm-element-align-left tm-seperator-none tm-heading-style-vertical \"><section class=\"tm-vc_cta3-container\"><div class=\"tm-vc_general tm-vc_cta3 tm-cta3-only tm-vc_cta3-style-classic tm-vc_cta3-shape-rounded tm-vc_cta3-align-left tm-vc_cta3-color-transparent tm-vc_cta3-icon-size-md tm-vc_cta3-actions-no tm-cta3-with-desc\"><div class=\"tm-vc_cta3_content-container\"><div class=\"tm-vc_cta3-content\"><header class=\"tm-vc_cta3-content-header tm-wrap\"><div class=\"tm-vc_cta3-headers tm-wrap-cell\"><h4 class=\"tm-custom-heading \" >SERVEIS<\/h4>\n<h2 class=\"tm-custom-heading \" >M\u00e9s de 30 anys oferint un servei integral<\/h2>\n<\/div><div class=\"heading-seperator\"><span><\/span><\/div><\/header><div class=\"tm-cta3-content-wrapper\">\n<p style=\"text-align: justify;\">Des d&#8217;un enfocament pr\u00f2xim, \u00e0gil i transparent, treballem per a simplificar la gesti\u00f3 dels nostres clients, optimitzar els seus recursos i aportar seguretat en cada decisi\u00f3.<\/p>\n<p><\/div><\/div><\/div><\/div><\/section><\/div> <!-- .tm-element-heading-wrapper container --> [vc_row_inner el_class=&#8221;ttm-col-seprator&#8221;][vc_column_inner width=&#8221;1\/4&#8243;]<div class=\"tm-sbox tm-sbox-iconalign-top-left none tm-sbox-bgcolor-transparent tm-bgcolor-transparent tm-sbox-textcolor- tm-textcolor- tm-sbox-isize-lg tm-sbox-isize-lg tm-sbox-istyle-none vc_custom_1754908781522 tm-sbox-heading-only\"><section class=\"tm-vc_cta3-container\"><div class=\"tm-vc_general tm-vc_cta3 tm-vc_cta3-align-left tm-vc_cta3-icon-size-lg tm-vc_cta3-icons-top tm-vc_cta3-actions-no\"><div class=\"tm-vc_cta3-icons tm-wrap-cell\"><div class=\"tm-vc_icon_element tm-vc_icon_element-outer tm-vc_icon_element-align-left \"><div class=\"tm-vc_icon_element-inner  tm-vc_icon_element-color-white tm-vc_icon_element-size-lg tm-vc_icon_element-style-none tm-vc_icon_element-background-color-grey\" ><span class=\"tm-vc_icon_element-icon kw_lawgrid flaticon-legal\" ><\/span><\/div><\/div><\/div><div class=\"tm-vc_cta3_content-container\"><div class=\"tm-vc_cta3-content\"><div class=\"tm-vc_cta3-content-header tm-wrap\"><div class=\"tm-vc_cta3-headers tm-wrap-cell\"><h2 class=\"tm-custom-heading \" >Assessoria empreses<\/h2>\n<\/div><\/div><\/div><div class=\"tm-cta3-desc-btn-wrapper\"><div class=\"tm-cta3-description\"><\/div><\/div><\/div><\/div><\/section><\/div>[\/vc_column_inner][vc_column_inner width=&#8221;1\/4&#8243; tm_responsive_css=&#8221;57619361|colbreak_no|||||||||colbreak_no|||||15px||20px|15px|colbreak_no||||||||||colbreak_no|||||||||&#8221; css=&#8221;.vc_custom_1573368932543{padding-left: 25px !important;}&#8221;]<div class=\"tm-sbox tm-sbox-iconalign-top-left none tm-sbox-bgcolor-transparent tm-bgcolor-transparent tm-sbox-textcolor- tm-textcolor- tm-sbox-isize-lg tm-sbox-isize-lg tm-sbox-istyle-none vc_custom_1754908791173 tm-sbox-heading-only\"><section class=\"tm-vc_cta3-container\"><div class=\"tm-vc_general tm-vc_cta3 tm-vc_cta3-align-left tm-vc_cta3-icon-size-lg tm-vc_cta3-icons-top tm-vc_cta3-actions-no\"><div class=\"tm-vc_cta3-icons tm-wrap-cell\"><div class=\"tm-vc_icon_element tm-vc_icon_element-outer tm-vc_icon_element-align-left \"><div class=\"tm-vc_icon_element-inner  tm-vc_icon_element-color-white tm-vc_icon_element-size-lg tm-vc_icon_element-style-none tm-vc_icon_element-background-color-grey\" ><span class=\"tm-vc_icon_element-icon kw_lawgrid flaticon-house\" ><\/span><\/div><\/div><\/div><div class=\"tm-vc_cta3_content-container\"><div class=\"tm-vc_cta3-content\"><div class=\"tm-vc_cta3-content-header tm-wrap\"><div class=\"tm-vc_cta3-headers tm-wrap-cell\"><h2 class=\"tm-custom-heading \" >Finques<\/h2>\n<\/div><\/div><\/div><div class=\"tm-cta3-desc-btn-wrapper\"><div class=\"tm-cta3-description\"><\/div><\/div><\/div><\/div><\/section><\/div>[\/vc_column_inner][vc_column_inner width=&#8221;1\/4&#8243; css=&#8221;.vc_custom_1573368942278{padding-left: 25px !important;}&#8221; tm_responsive_css=&#8221;58466422|colbreak_no|||||||||colbreak_no||||||||15px|colbreak_no||||||||||colbreak_no|||||||||&#8221;]<div class=\"tm-sbox tm-sbox-iconalign-top-left none tm-sbox-bgcolor-transparent tm-bgcolor-transparent tm-sbox-textcolor- tm-textcolor- tm-sbox-isize-lg tm-sbox-isize-lg tm-sbox-istyle-none vc_custom_1754908811061 tm-sbox-heading-only\"><section class=\"tm-vc_cta3-container\"><div class=\"tm-vc_general tm-vc_cta3 tm-vc_cta3-align-left tm-vc_cta3-icon-size-lg tm-vc_cta3-icons-top tm-vc_cta3-actions-no\"><div class=\"tm-vc_cta3-icons tm-wrap-cell\"><div class=\"tm-vc_icon_element tm-vc_icon_element-outer tm-vc_icon_element-align-left \"><div class=\"tm-vc_icon_element-inner  tm-vc_icon_element-color-white tm-vc_icon_element-size-lg tm-vc_icon_element-style-none tm-vc_icon_element-background-color-grey\" ><span class=\"tm-vc_icon_element-icon kw_lawgrid flaticon-lawyer-13\" ><\/span><\/div><\/div><\/div><div class=\"tm-vc_cta3_content-container\"><div class=\"tm-vc_cta3-content\"><div class=\"tm-vc_cta3-content-header tm-wrap\"><div class=\"tm-vc_cta3-headers tm-wrap-cell\"><h2 class=\"tm-custom-heading \" >Assegurances<\/h2>\n<\/div><\/div><\/div><div class=\"tm-cta3-desc-btn-wrapper\"><div class=\"tm-cta3-description\"><\/div><\/div><\/div><\/div><\/section><\/div>[\/vc_column_inner][vc_column_inner width=&#8221;1\/4&#8243;]<div class=\"tm-sbox tm-sbox-iconalign-top-left none tm-sbox-bgcolor-transparent tm-bgcolor-transparent tm-sbox-textcolor- tm-textcolor- tm-sbox-isize-lg tm-sbox-isize-lg tm-sbox-istyle-none vc_custom_1754908823337 tm-sbox-heading-only\"><section class=\"tm-vc_cta3-container\"><div class=\"tm-vc_general tm-vc_cta3 tm-vc_cta3-align-left tm-vc_cta3-icon-size-lg tm-vc_cta3-icons-top tm-vc_cta3-actions-no\"><div class=\"tm-vc_cta3-icons tm-wrap-cell\"><div class=\"tm-vc_icon_element tm-vc_icon_element-outer tm-vc_icon_element-align-left \"><div class=\"tm-vc_icon_element-inner  tm-vc_icon_element-color-white tm-vc_icon_element-size-lg tm-vc_icon_element-style-none tm-vc_icon_element-background-color-grey\" ><span class=\"tm-vc_icon_element-icon kw_lawgrid flaticon-family\" ><\/span><\/div><\/div><\/div><div class=\"tm-vc_cta3_content-container\"><div class=\"tm-vc_cta3-content\"><div class=\"tm-vc_cta3-content-header tm-wrap\"><div class=\"tm-vc_cta3-headers tm-wrap-cell\"><h2 class=\"tm-custom-heading \" >Assessoria jur\u00eddica<\/h2>\n<\/div><\/div><\/div><div class=\"tm-cta3-desc-btn-wrapper\"><div class=\"tm-cta3-description\"><\/div><\/div><\/div><\/div><\/section><\/div>[\/vc_column_inner][\/vc_row_inner][vc_row_inner css=&#8221;.vc_custom_1564481305537{padding-top: 33px !important;}&#8221;][vc_column_inner][vc_column_text css=&#8221;.vc_custom_1754908837671{margin-bottom: 29px !important;}&#8221;]A Tecnisem, la teva tranquil\u00b7litat \u00e9s la nostra prioritat.[\/vc_column_text][vc_separator color=&#8221;custom&#8221; css=&#8221;.vc_custom_1564481818281{margin-bottom: 15px !important;}&#8221; accent_color=&#8221;rgba(255,255,255,0.06)&#8221;][\/vc_column_inner][\/vc_row_inner][\/vc_column][\/vc_row][vc_row tm_bgimagefixed=&#8221;&#8221; css=&#8221;.vc_custom_1754387910273{padding-bottom: 90px !important;}&#8221; tm_responsive_css=&#8221;37853644|colbreak_no|||||||||colbreak_no|||||40px||55px||colbreak_no||||||||||colbreak_no|||||||||&#8221;][vc_column]<div class=\"tm-element-heading-wrapper tm-heading-inner tm-element-align-center tm-seperator-none tm-heading-style-vertical \"><section class=\"tm-vc_cta3-container\"><div class=\"tm-vc_general tm-vc_cta3 tm-cta3-only tm-vc_cta3-style-classic tm-vc_cta3-shape-rounded tm-vc_cta3-align-center tm-vc_cta3-color-transparent tm-vc_cta3-icon-size-md tm-vc_cta3-actions-no tm-cta3-without-desc\"><div class=\"tm-vc_cta3_content-container\"><div class=\"tm-vc_cta3-content\"><header class=\"tm-vc_cta3-content-header tm-wrap\"><div class=\"tm-vc_cta3-headers tm-wrap-cell\"><h4 class=\"tm-custom-heading \" >\u00bfParlem?<\/h4>\n<h2 class=\"tm-custom-heading \" >Contacta <strong>amb nosaltres<\/strong><\/h2>\n<\/div><div class=\"heading-seperator\"><span><\/span><\/div><\/header><\/div><\/div><\/div><\/section><\/div> <!-- .tm-element-heading-wrapper container --> [vc_row_inner][vc_column_inner width=&#8221;1\/2&#8243;][vc_column_text css=&#8221;&#8221;]<\/p>\n<p style=\"text-align: justify;\">A <strong>TECNISEM<\/strong> estem compromesos amb oferir-te un servei pr\u00f2xim, professional i adaptat a les necessitats espec\u00edfiques de la seva empresa.<\/p>\n<p>Si desitges millorar els teus processos, optimitzar la gesti\u00f3 fiscal, laboral, comptable o administrativa, o simplement resoldre qualsevol consulta, no dubtis a contactar-nos.<\/p>\n<p>El nostre equip d&#8217;experts est\u00e0 a la teva disposici\u00f3 per a acompanyar-te i proporcionar-te solucions eficaces que impulsin el creixement i la tranquil\u00b7litat del teu negoci.<\/p>\n<p>[\/vc_column_text][\/vc_column_inner][vc_column_inner width=&#8221;1\/2&#8243;]\n<div class=\"wpcf7 no-js\" id=\"wpcf7-f2406-o1\" lang=\"es-ES\" dir=\"ltr\" data-wpcf7-id=\"2406\">\n<div class=\"screen-reader-response\"><p role=\"status\" aria-live=\"polite\" aria-atomic=\"true\"><\/p> <ul><\/ul><\/div>\n<form action=\"\/ca\/wp-json\/wp\/v2\/pages\/2389#wpcf7-f2406-o1\" method=\"post\" class=\"wpcf7-form init\" aria-label=\"Formulario de contacto\" novalidate=\"novalidate\" data-status=\"init\">\n<fieldset class=\"hidden-fields-container\"><input type=\"hidden\" name=\"_wpcf7\" value=\"2406\" \/><input type=\"hidden\" name=\"_wpcf7_version\" value=\"6.1.1\" \/><input type=\"hidden\" name=\"_wpcf7_locale\" value=\"es_ES\" \/><input type=\"hidden\" name=\"_wpcf7_unit_tag\" value=\"wpcf7-f2406-o1\" \/><input type=\"hidden\" name=\"_wpcf7_container_post\" value=\"0\" \/><input type=\"hidden\" name=\"_wpcf7_posted_data_hash\" value=\"\" \/>\n<\/fieldset>\n<div class=\"tm-commonform tm-contact-us-form\">\n\t<div class=\"row\">\n\t\t<div class=\"col-md-6\">\n\t\t\t<p><span class=\"wpcf7-form-control-wrap\" data-name=\"your-name\"><input size=\"40\" maxlength=\"400\" class=\"wpcf7-form-control wpcf7-text wpcf7-validates-as-required\" aria-required=\"true\" aria-invalid=\"false\" placeholder=\"Nom\" value=\"\" type=\"text\" name=\"your-name\" \/><\/span>\n\t\t\t<\/p>\n\t\t<\/div>\n\t\t<div class=\"col-md-6\">\n\t\t\t<p><span class=\"wpcf7-form-control-wrap\" data-name=\"your-email\"><input size=\"40\" maxlength=\"400\" class=\"wpcf7-form-control wpcf7-email wpcf7-validates-as-required wpcf7-text wpcf7-validates-as-email\" aria-required=\"true\" aria-invalid=\"false\" placeholder=\"Correu\" value=\"\" type=\"email\" name=\"your-email\" \/><\/span>\n\t\t\t<\/p>\n\t\t<\/div>\n\t<\/div>\n\t<div class=\"row\">\n\t\t<div class=\"col-md-6\">\n\t\t\t<p><span class=\"wpcf7-form-control-wrap\" data-name=\"your-phone\"><input size=\"40\" maxlength=\"400\" class=\"wpcf7-form-control wpcf7-text\" aria-invalid=\"false\" placeholder=\"Tel\u00e8fon\" value=\"\" type=\"text\" name=\"your-phone\" \/><\/span>\n\t\t\t<\/p>\n\t\t<\/div>\n\t\t<div class=\"col-md-6\">\n\t\t\t<p><span class=\"wpcf7-form-control-wrap\" data-name=\"your-subject\"><input size=\"40\" maxlength=\"400\" class=\"wpcf7-form-control wpcf7-text wpcf7-validates-as-required\" aria-required=\"true\" aria-invalid=\"false\" placeholder=\"Assumpte\" value=\"\" type=\"text\" name=\"your-subject\" \/><\/span>\n\t\t\t<\/p>\n\t\t<\/div>\n\t<\/div>\n\t<div class=\"row\">\n\t\t<div class=\"col-md-12\">\n\t\t\t<p><span class=\"wpcf7-form-control-wrap\" data-name=\"your-message\"><textarea cols=\"40\" rows=\"4\" maxlength=\"2000\" class=\"wpcf7-form-control wpcf7-textarea wpcf7-validates-as-required\" aria-required=\"true\" aria-invalid=\"false\" placeholder=\"Missatge\" name=\"your-message\"><\/textarea><\/span>\n\t\t\t<\/p>\n\t\t<\/div>\n\t<\/div>\n\t<div class=\"row\">\n\t\t<div class=\"col-md-6\">\n\t\t\t<p><input class=\"wpcf7-form-control wpcf7-submit has-spinner tm-vc_general tm-vc_btn3 tm-vc_btn3-style-flat tm-vc_btn3-shape-square tm-vc_btn3-color-skincolor tm-btn-fullwidth\" type=\"submit\" value=\"Enviar\" \/>\n\t\t\t<div class=\"wpcf7-response-output\" aria-hidden=\"true\"><\/div>\n\t\t<\/div>\n\t<\/div>\n<\/div>\n<\/form>\n<\/div>\n[\/vc_column_inner][\/vc_row_inner][\/vc_column][\/vc_row]<\/p>\n<\/div>","protected":false},"excerpt":{"rendered":"<p>[vc_row tm_bgimagefixed=&#8221;&#8221; break_in_responsive=&#8221;991&#8243; full_width=&#8221;stretch_row&#8221; css=&#8221;.vc_custom_1573354949943{padding-top: 125px !important;padding-bottom: 82px !important;}&#8221; tm_responsive_css=&#8221;59862277|colbreak_no|||||||||colbreak_no|||||50px||100px||colbreak_no||||||||||colbreak_no|||||||||&#8221;][vc_column width=&#8221;1\/2&#8243; css=&#8221;.vc_custom_1573214504626{padding-right: 0px !important;}&#8221;][vc_btn title=&#8221;Coneix-nos&#8221; style=&#8221;outline-custom&#8221; outline_custom_color=&#8221;#243577&#8243; outline_custom_hover_background=&#8221;#8B8585&#8243; css=&#8221;&#8221; link=&#8221;url:https%3A%2F%2Ftecnisem.com%2Ftecnisem%2F|title:Tecnisem&#8221;][\/vc_column][vc_column width=&#8221;1\/2&#8243; tm_responsive_css=&#8221;12167443|colbreak_no|||||||||colbreak_no|||||60px|||15px|colbreak_no||||||||||colbreak_no|||||||||&#8221; css=&#8221;.vc_custom_1573214510907{padding-left: 50px !important;}&#8221;][vc_single_image image=&#8221;2289&#8243; img_size=&#8221;full&#8221; alignment=&#8221;center&#8221; css=&#8221;&#8221;][\/vc_column][\/vc_row][vc_row tm_bgimagefixed=&#8221;&#8221; break_in_responsive=&#8221;991&#8243; full_width=&#8221;stretch_row&#8221; equal_height=&#8221;yes&#8221; css=&#8221;.vc_custom_1754386226181{padding-top: 50px !important;padding-bottom: 0px !important;}&#8221;][vc_column reduce_extra_padding=&#8221;991&#8243; tm_col_bg_expand=&#8221;left&#8221; tm_zindex=&#8221;2&#8243; width=&#8221;5\/12&#8243; css=&#8221;.vc_custom_1754897655759{margin-top: -60px !important;margin-right: -40px !important;background-image: url(https:\/\/tecnisem.com\/wp-content\/uploads\/2025\/08\/Tecnisem.jpg?id=2233) !important;background-position: center !important;background-repeat: no-repeat !important;background-size: cover !important;}&#8221; &hellip; <a href=\"https:\/\/tecnisem.com\/ca\/\" class=\"more-link\">Continue reading <span class=\"screen-reader-text\">Inici<\/span><\/a><\/p>\n","protected":false},"author":1,"featured_media":0,"parent":0,"menu_order":1,"comment_status":"closed","ping_status":"closed","template":"","meta":{"footnotes":""},"class_list":["post-2389","page","type-page","status-publish","hentry"],"aioseo_notices":[],"_links":{"self":[{"href":"https:\/\/tecnisem.com\/ca\/wp-json\/wp\/v2\/pages\/2389","targetHints":{"allow":["GET"]}}],"collection":[{"href":"https:\/\/tecnisem.com\/ca\/wp-json\/wp\/v2\/pages"}],"about":[{"href":"https:\/\/tecnisem.com\/ca\/wp-json\/wp\/v2\/types\/page"}],"author":[{"embeddable":true,"href":"https:\/\/tecnisem.com\/ca\/wp-json\/wp\/v2\/users\/1"}],"replies":[{"embeddable":true,"href":"https:\/\/tecnisem.com\/ca\/wp-json\/wp\/v2\/comments?post=2389"}],"version-history":[{"count":1,"href":"https:\/\/tecnisem.com\/ca\/wp-json\/wp\/v2\/pages\/2389\/revisions"}],"predecessor-version":[{"id":2405,"href":"https:\/\/tecnisem.com\/ca\/wp-json\/wp\/v2\/pages\/2389\/revisions\/2405"}],"wp:attachment":[{"href":"https:\/\/tecnisem.com\/ca\/wp-json\/wp\/v2\/media?parent=2389"}],"curies":[{"name":"wp","href":"https:\/\/api.w.org\/{rel}","templated":true}]}}